{"id":4565,"date":"2024-01-30T08:28:21","date_gmt":"2024-01-30T07:28:21","guid":{"rendered":"https:\/\/iqs.digital\/google-ads-case-study-b2c-lead-generation\/"},"modified":"2024-02-01T08:25:06","modified_gmt":"2024-02-01T07:25:06","slug":"google-ads-case-study-b2c-lead-generation","status":"publish","type":"page","link":"https:\/\/iqs.digital\/sk\/google-ads-case-study-b2c-lead-generation\/","title":{"rendered":"Google Ads case study: How we helped a B2C business generate 33 new leads at 19\u20ac per lead in just one month?"},"content":{"rendered":"\n<h2 class=\"wp-block-heading has-text-align-center has-x-large-font-size\" style=\"margin-top:var(--wp--preset--spacing--60)\"><strong>Google Ads case study<\/strong><\/h2>\n\n\n\n<h1 class=\"wp-block-heading has-text-align-center\" style=\"margin-top:0;margin-bottom:var(--wp--preset--spacing--40);font-size:4.7rem\">We helped a <strong>B2C<\/strong> business generate<br>new leads at <strong>19\u20ac per lead<\/strong>.<\/h1>\n\n\n\n<div class=\"wp-block-group is-layout-constrained wp-block-group-is-layout-constrained\">\n<figure class=\"wp-block-image aligncenter size-large\"><img loading=\"lazy\" decoding=\"async\" width=\"1024\" height=\"326\" src=\"https:\/\/iqs.digital\/wp-content\/uploads\/2024\/01\/google-ads-b2c-lead-generation-case-study-stats-1024x326.png\" alt=\"\" class=\"wp-image-4512\" srcset=\"https:\/\/iqs.digital\/wp-content\/uploads\/2024\/01\/google-ads-b2c-lead-generation-case-study-stats-1024x326.png 1024w, https:\/\/iqs.digital\/wp-content\/uploads\/2024\/01\/google-ads-b2c-lead-generation-case-study-stats-300x96.png 300w, https:\/\/iqs.digital\/wp-content\/uploads\/2024\/01\/google-ads-b2c-lead-generation-case-study-stats-768x245.png 768w, https:\/\/iqs.digital\/wp-content\/uploads\/2024\/01\/google-ads-b2c-lead-generation-case-study-stats-1536x489.png 1536w, https:\/\/iqs.digital\/wp-content\/uploads\/2024\/01\/google-ads-b2c-lead-generation-case-study-stats.png 1840w\" sizes=\"auto, (max-width: 1024px) 100vw, 1024px\" \/><\/figure>\n\n\n\n<h2 class=\"wp-block-heading\"><strong>Client&#8217;s words<\/strong><\/h2>\n\n\n\n<div class=\"wp-block-group has-background is-layout-flow wp-block-group-is-layout-flow\" style=\"border-radius:30px;background-color:#f7efd5;padding-top:50px;padding-right:30px;padding-bottom:30px;padding-left:30px\">\n<div class=\"wp-block-group is-content-justification-space-between is-nowrap is-layout-flex wp-container-core-group-is-layout-cb46ffcb wp-block-group-is-layout-flex\"><div class=\"wp-block-safe-svg-svg-icon safe-svg-cover\" style=\"text-align: left;\">\n\t\t\t\t<div class=\"safe-svg-inside safe-svg-inline\" style=\"width: 125px; height: 20px; background-color: var(--wp--preset--color--); color: var(--wp--preset--color--); padding-top: ; padding-right: ; padding-bottom: ; padding-left: ; margin-top: ; margin-right: ; margin-bottom: ; margin-left: ;\"><?xml version=\"1.0\" encoding=\"UTF-8\"?> <svg xmlns=\"http:\/\/www.w3.org\/2000\/svg\" width=\"125\" height=\"20\" viewBox=\"0 0 125 20\" fill=\"none\"><path d=\"M11 0L13.4697 6.90983H21.4616L14.996 11.1803L17.4656 18.0902L11 13.8197L4.53436 18.0902L7.00402 11.1803L0.538379 6.90983H8.53035L11 0Z\" fill=\"#FBBC05\"><\/path><path d=\"M37 0L39.2451 6.90983H46.5106L40.6327 11.1803L42.8779 18.0902L37 13.8197L31.1221 18.0902L33.3673 11.1803L27.4894 6.90983H34.7549L37 0Z\" fill=\"#FBBC05\"><\/path><path d=\"M63 0L65.4697 6.90983H73.4616L66.996 11.1803L69.4656 18.0902L63 13.8197L56.5344 18.0902L59.004 11.1803L52.5384 6.90983H60.5303L63 0Z\" fill=\"#FBBC05\"><\/path><path d=\"M89.5 0L91.8574 6.90983H99.4861L93.3143 11.1803L95.6717 18.0902L89.5 13.8197L83.3283 18.0902L85.6857 11.1803L79.5139 6.90983H87.1426L89.5 0Z\" fill=\"#FBBC05\"><\/path><path d=\"M114 0L116.47 6.90983H124.462L117.996 11.1803L120.466 18.0902L114 13.8197L107.534 18.0902L110.004 11.1803L103.538 6.90983H111.53L114 0Z\" fill=\"#FBBC05\"><\/path><\/svg> <\/div>\n\t\t\t<\/div>\n\n\n<p><a href=\"https:\/\/g.co\/kgs\/2oJne1R\" target=\"_blank\" rel=\"noreferrer noopener nofollow\">Verify Review on Google<\/a><\/p>\n<\/div>\n\n\n\n<p><em>&#8222;We are satisfied with the cooperation so far, everything we agreed on was delivered,<strong> I recommend it<\/strong>!&#8220;<\/em><\/p>\n\n\n\n<figure class=\"wp-block-image size-full is-style-rounded\"><img loading=\"lazy\" decoding=\"async\" width=\"64\" height=\"64\" src=\"https:\/\/iqs.digital\/wp-content\/uploads\/2024\/02\/Barbora-Skapikova-NS-PRO.png\" alt=\"\" class=\"wp-image-4560\"\/><\/figure>\n\n\n\n<h6 class=\"wp-block-heading\" style=\"margin-top:10px;font-size:15px\"><strong><strong>Barbora \u0160k\u00e1pikov\u00e1<\/strong><\/strong><\/h6>\n\n\n\n<h6 class=\"wp-block-heading\" style=\"margin-top:10px;font-size:15px;text-transform:capitalize\">Sales and Marketing Manager &#8211; <a href=\"https:\/\/ns-pro.sk\/\" target=\"_blank\" rel=\"noreferrer noopener\">NS-PRO<\/a><\/h6>\n<\/div>\n\n\n\n<h2 class=\"wp-block-heading\"><strong>New year, new goals<\/strong><\/h2>\n\n\n\n<p>At the end of 2023, a founder of a family-owned business approached us while looking for <a href=\"https:\/\/iqs.digital\/sk\/sprava-google-reklam\/\">Google Ads management services<\/a>. Her business specializes in terrace glazing and the construction of aluminum bioclimatic pergolas. In 2023 their business achieved solid profits but they wanted to do better in 2024.<\/p>\n\n\n\n<h2 class=\"wp-block-heading\"><strong>Thinking about running Google Ads yourself?<\/strong><\/h2>\n\n\n\n<p>Same as many business owners, my client also tried cutting costs and avoiding paying professionals to help them run Google Ads. She tried running Google Ads by herself but she was struggling to get a decent ROI. In other words, they are burning money with Google Ads, spending hard-earned cash without any significant results.<\/p>\n\n\n\n<p>So, in the end, the founder decided to seek professional help and she reached out to us.<\/p>\n\n\n\n<h2 class=\"wp-block-heading\"><strong>Initial Setup<\/strong><\/h2>\n\n\n\n<p>After thorough research, we decided to start with 2 campaign types, we set up Google Search Ads and Google Shopping Ads. This way we made sure we dominated the Google results page.<\/p>\n\n\n\n<h3 class=\"wp-block-heading\"><strong>How did we choose the right keywords for Google Search Ads?<\/strong><\/h3>\n\n\n\n<p>While we were setting up the Google Search campaign we made sure to only use keywords that have clear <a href=\"https:\/\/backlinko.com\/hub\/seo\/search-intent\" target=\"_blank\" rel=\"noreferrer noopener nofollow\">search intent<\/a>. In other words, we wanted to display our ad in front of people who are actively looking for client services.<\/p>\n\n\n\n<p>For example, we used keywords like these, just to name a few:<\/p>\n\n\n\n<ul class=\"wp-block-list\">\n<li>&#8222;terrace glazing services&#8220;<\/li>\n\n\n\n<li>\u201cterrace glazing near me\u201d<\/li>\n\n\n\n<li>\u201cconservatory installers\u201d<\/li>\n\n\n\n<li>\u201cBioclimatic pergola near me\u201d<\/li>\n<\/ul>\n\n\n\n<p>We avoided keywords that do not show a clear search intention. For example:<\/p>\n\n\n\n<ul class=\"wp-block-list\">\n<li>\u201cHow to install terrace glazing\u201d<\/li>\n\n\n\n<li>\u201cterrace glazing DIY\u201d<\/li>\n\n\n\n<li>\u201cconservatory in house\u201d<\/li>\n\n\n\n<li>\u201chome conservatory ideas\u201d<\/li>\n<\/ul>\n\n\n\n<p>Although these keywords are relevant to client business they do not show clear search intent.<\/p>\n\n\n\n<p>A person looking for a &#8222;How to install terrace glazing&#8220; might want to explore some DIY solutions, and is not ready to buy client services.<\/p>\n\n\n\n<p>On the other hand, a person looking for &#8222;terrace glazing near me&#8220; shows a clear intent that they want to hire a professional to glaze their terrace.<\/p>\n\n\n\n<h3 class=\"wp-block-heading\"><strong>How did we optimize products for the Google Shopping Campaign?<\/strong><\/h3>\n\n\n\n<p>We made sure products looked appealing on both mobile and desktop. We carefully picked images that clearly and attractively display the client&#8217;s products. Next, we wrote a title that fits the user&#8217;s search intent.<\/p>\n\n\n\n<p>By optimizing the appeal of the products we achieved an extraordinary CTR of 1.58%, almost double of an <a href=\"https:\/\/www.wordstream.com\/blog\/ws\/2019\/04\/01\/shopping-ads-benchmarks\" target=\"_blank\" rel=\"noreferrer noopener nofollow\">average of 0.86%<\/a>.<\/p>\n\n\n\n<h2 class=\"wp-block-heading\" id=\"results\"><strong>Results after 1st month of running Google Ads<\/strong><\/h2>\n\n\n\n<p>After just 1 month we achieved the following results:<\/p>\n\n\n\n<h3 class=\"wp-block-heading\"><strong>Google Search Ads Results<\/strong><\/h3>\n\n\n\n<div class=\"wp-block-columns is-layout-flex wp-container-core-columns-is-layout-28f84493 wp-block-columns-is-layout-flex\">\n<div class=\"wp-block-column is-layout-flow wp-block-column-is-layout-flow\">\n<p><strong>Impressions<\/strong><\/p>\n\n\n\n<p>3,296<\/p>\n<\/div>\n\n\n\n<div class=\"wp-block-column is-layout-flow wp-block-column-is-layout-flow\">\n<p><strong>Clicks<\/strong><\/p>\n\n\n\n<p>552<\/p>\n<\/div>\n\n\n\n<div class=\"wp-block-column is-layout-flow wp-block-column-is-layout-flow\">\n<p><strong>CTR<\/strong><\/p>\n\n\n\n<p>16.75%<\/p>\n<\/div>\n\n\n\n<div class=\"wp-block-column is-layout-flow wp-block-column-is-layout-flow\">\n<p><strong>Conversions<\/strong><\/p>\n\n\n\n<p>15<\/p>\n<\/div>\n\n\n\n<div class=\"wp-block-column is-layout-flow wp-block-column-is-layout-flow\">\n<p><strong>CPA<\/strong><\/p>\n\n\n\n<p>31\u20ac<\/p>\n<\/div>\n<\/div>\n\n\n\n<p>*CPA &#8211; Stands for cost per action (conversion)<\/p>\n\n\n\n<h3 class=\"wp-block-heading\"><strong>Google Shopping Ads Results<\/strong><\/h3>\n\n\n\n<div class=\"wp-block-columns is-layout-flex wp-container-core-columns-is-layout-28f84493 wp-block-columns-is-layout-flex\">\n<div class=\"wp-block-column is-layout-flow wp-block-column-is-layout-flow\">\n<p><strong>Impressions<\/strong><\/p>\n\n\n\n<p>53,274<\/p>\n<\/div>\n\n\n\n<div class=\"wp-block-column is-layout-flow wp-block-column-is-layout-flow\">\n<p><strong>Clicks<\/strong><\/p>\n\n\n\n<p>844<\/p>\n<\/div>\n\n\n\n<div class=\"wp-block-column is-layout-flow wp-block-column-is-layout-flow\">\n<p><strong>CTR<\/strong><\/p>\n\n\n\n<p>1.58%<\/p>\n<\/div>\n\n\n\n<div class=\"wp-block-column is-layout-flow wp-block-column-is-layout-flow\">\n<p><strong>Conversions<\/strong><\/p>\n\n\n\n<p>18<\/p>\n<\/div>\n\n\n\n<div class=\"wp-block-column is-layout-flow wp-block-column-is-layout-flow\">\n<p><strong>CPA<\/strong><\/p>\n\n\n\n<p>9.71\u20ac<\/p>\n<\/div>\n<\/div>\n\n\n\n<p>*CPA &#8211; Stands for cost per action (conversion)<\/p>\n\n\n\n<figure class=\"wp-block-image aligncenter size-full\"><img loading=\"lazy\" decoding=\"async\" width=\"883\" height=\"149\" src=\"https:\/\/iqs.digital\/wp-content\/uploads\/2024\/01\/google-ads-b2c-lead-generation-resutls.png\" alt=\"\" class=\"wp-image-4520\" srcset=\"https:\/\/iqs.digital\/wp-content\/uploads\/2024\/01\/google-ads-b2c-lead-generation-resutls.png 883w, https:\/\/iqs.digital\/wp-content\/uploads\/2024\/01\/google-ads-b2c-lead-generation-resutls-300x51.png 300w, https:\/\/iqs.digital\/wp-content\/uploads\/2024\/01\/google-ads-b2c-lead-generation-resutls-768x130.png 768w\" sizes=\"auto, (max-width: 883px) 100vw, 883px\" \/><\/figure>\n\n\n\n<h2 class=\"wp-block-heading\"><strong>How do we run and optimize Google Ads?<\/strong><\/h2>\n\n\n\n<h3 class=\"wp-block-heading\"><strong>Google Search Campaign Results<\/strong><\/h3>\n\n\n\n<p>In the first month of running Google search ads, our main focus is on checking search terms. Our goal is to make sure our ads appear on only the most relevant search queries. So we need to add irrelevant terms to the <a href=\"https:\/\/support.google.com\/google-ads\/answer\/2453972\" target=\"_blank\" rel=\"noreferrer noopener nofollow\">negative keywords<\/a> to prevent our ads from showing up on them.<\/p>\n\n\n\n<p>We also check the performance daily to make sure everything is running smoothly.<\/p>\n\n\n\n<h3 class=\"wp-block-heading\"><strong>Google Shopping Campaign Results<\/strong><\/h3>\n\n\n\n<p>Same as for Google Search Ads, at the beginning our main focus is on adding irrelevant search terms and negative keywords. Making sure everything runs smoothly.<\/p>\n\n\n\n<p>As soon as we notice a discrepancy in data, like in the screenshot below:<\/p>\n\n\n\n<figure class=\"wp-block-image aligncenter size-full\"><img loading=\"lazy\" decoding=\"async\" width=\"733\" height=\"243\" src=\"https:\/\/iqs.digital\/wp-content\/uploads\/2024\/01\/google-shopping-ads-low-ctr-for-one-of-the-products-1.png\" alt=\"\" class=\"wp-image-4540\" srcset=\"https:\/\/iqs.digital\/wp-content\/uploads\/2024\/01\/google-shopping-ads-low-ctr-for-one-of-the-products-1.png 733w, https:\/\/iqs.digital\/wp-content\/uploads\/2024\/01\/google-shopping-ads-low-ctr-for-one-of-the-products-1-300x99.png 300w\" sizes=\"auto, (max-width: 733px) 100vw, 733px\" \/><\/figure>\n\n\n\n<p>We noticed that one of the products has a significantly lower number of conversions compared to others. <\/p>\n\n\n\n<p>After digging deeper we realized that CTR for the particular product is quite lower compared to the other products. <\/p>\n\n\n\n<p>This meant that we needed to fix the product appeal by changing the image, title, and attributes to get more people to click on it.<\/p>\n\n\n\n<p>After making changes to the product, the product&#8217;s CTR rose to an astonishing 1.67%.<\/p>\n\n\n\n<h2 class=\"wp-block-heading\"><strong>Sales results and ROI<\/strong><\/h2>\n\n\n\n<p>In the first month, we generated <strong>33 conversions. <\/strong><\/p>\n\n\n\n<p>Out of those the client was able to close <strong>3 deals averaging at 5,500\u20ac<\/strong>.<br>Generating a total revenue from ads of <strong>16,500\u20ac with an ad spent 650\u20ac.<\/strong><\/p>\n\n\n\n<div style=\"height:3em\" aria-hidden=\"true\" class=\"wp-block-spacer\"><\/div>\n<\/div>\n","protected":false},"excerpt":{"rendered":"<p>Google Ads case study We helped a B2C business generatenew leads at 19\u20ac per lead. Client&#8217;s words Verify Review on Google &#8222;We are satisfied with the cooperation so far, everything we agreed on was delivered, I recommend it!&#8220; Barbora \u0160k\u00e1pikov\u00e1 Sales and Marketing Manager &#8211; NS-PRO New year, new goals At the end of 2023, [&hellip;]<\/p>\n","protected":false},"author":1,"featured_media":0,"parent":0,"menu_order":0,"comment_status":"closed","ping_status":"closed","template":"","meta":{"footnotes":""},"class_list":["post-4565","page","type-page","status-publish","hentry"],"yoast_head":"<!-- This site is optimized with the Yoast SEO plugin v27.3 - https:\/\/yoast.com\/product\/yoast-seo-wordpress\/ -->\n<title>Google Ads case study: How we helped a B2C business generate 33 new leads at 19\u20ac per lead in just one month? - IQs Digital<\/title>\n<meta name=\"description\" content=\"Google Ads case study: How we helped a B2C business generate 33 new leads at 19\u20ac per lead in just one month?\" \/>\n<meta name=\"robots\" content=\"index, follow, max-snippet:-1, max-image-preview:large, max-video-preview:-1\" \/>\n<link rel=\"canonical\" href=\"https:\/\/iqs.digital\/sk\/google-ads-case-study-b2c-lead-generation\/\" \/>\n<meta property=\"og:locale\" content=\"sk_SK\" \/>\n<meta property=\"og:type\" content=\"article\" \/>\n<meta property=\"og:title\" content=\"Google Ads case study: How we helped a B2C business generate 33 new leads at 19\u20ac per lead in just one month? - IQs Digital\" \/>\n<meta property=\"og:description\" content=\"Google Ads case study: How we helped a B2C business generate 33 new leads at 19\u20ac per lead in just one month?\" \/>\n<meta property=\"og:url\" content=\"https:\/\/iqs.digital\/sk\/google-ads-case-study-b2c-lead-generation\/\" \/>\n<meta property=\"og:site_name\" content=\"IQs Digital\" \/>\n<meta property=\"article:modified_time\" content=\"2024-02-01T07:25:06+00:00\" \/>\n<meta property=\"og:image\" content=\"https:\/\/iqs.digital\/wp-content\/uploads\/2024\/01\/google-ads-b2c-lead-generation-case-study-stats-1024x326.png\" \/>\n<meta name=\"twitter:card\" content=\"summary_large_image\" \/>\n<meta name=\"twitter:label1\" content=\"Predpokladan\u00fd \u010das \u010d\u00edtania\" \/>\n\t<meta name=\"twitter:data1\" content=\"5 min\u00fat\" \/>\n<script type=\"application\/ld+json\" class=\"yoast-schema-graph\">{\"@context\":\"https:\\\/\\\/schema.org\",\"@graph\":[{\"@type\":\"WebPage\",\"@id\":\"https:\\\/\\\/iqs.digital\\\/sk\\\/google-ads-case-study-b2c-lead-generation\\\/\",\"url\":\"https:\\\/\\\/iqs.digital\\\/sk\\\/google-ads-case-study-b2c-lead-generation\\\/\",\"name\":\"Google Ads case study: How we helped a B2C business generate 33 new leads at 19\u20ac per lead in just one month? - IQs Digital\",\"isPartOf\":{\"@id\":\"https:\\\/\\\/iqs.digital\\\/sk\\\/#website\"},\"primaryImageOfPage\":{\"@id\":\"https:\\\/\\\/iqs.digital\\\/sk\\\/google-ads-case-study-b2c-lead-generation\\\/#primaryimage\"},\"image\":{\"@id\":\"https:\\\/\\\/iqs.digital\\\/sk\\\/google-ads-case-study-b2c-lead-generation\\\/#primaryimage\"},\"thumbnailUrl\":\"https:\\\/\\\/iqs.digital\\\/wp-content\\\/uploads\\\/2024\\\/01\\\/google-ads-b2c-lead-generation-case-study-stats-1024x326.png\",\"datePublished\":\"2024-01-30T07:28:21+00:00\",\"dateModified\":\"2024-02-01T07:25:06+00:00\",\"description\":\"Google Ads case study: How we helped a B2C business generate 33 new leads at 19\u20ac per lead in just one month?\",\"breadcrumb\":{\"@id\":\"https:\\\/\\\/iqs.digital\\\/sk\\\/google-ads-case-study-b2c-lead-generation\\\/#breadcrumb\"},\"inLanguage\":\"sk-SK\",\"potentialAction\":[{\"@type\":\"ReadAction\",\"target\":[\"https:\\\/\\\/iqs.digital\\\/sk\\\/google-ads-case-study-b2c-lead-generation\\\/\"]}]},{\"@type\":\"ImageObject\",\"inLanguage\":\"sk-SK\",\"@id\":\"https:\\\/\\\/iqs.digital\\\/sk\\\/google-ads-case-study-b2c-lead-generation\\\/#primaryimage\",\"url\":\"https:\\\/\\\/iqs.digital\\\/wp-content\\\/uploads\\\/2024\\\/01\\\/google-ads-b2c-lead-generation-case-study-stats-1024x326.png\",\"contentUrl\":\"https:\\\/\\\/iqs.digital\\\/wp-content\\\/uploads\\\/2024\\\/01\\\/google-ads-b2c-lead-generation-case-study-stats-1024x326.png\"},{\"@type\":\"BreadcrumbList\",\"@id\":\"https:\\\/\\\/iqs.digital\\\/sk\\\/google-ads-case-study-b2c-lead-generation\\\/#breadcrumb\",\"itemListElement\":[{\"@type\":\"ListItem\",\"position\":1,\"name\":\"Home\",\"item\":\"https:\\\/\\\/iqs.digital\\\/sk\\\/\"},{\"@type\":\"ListItem\",\"position\":2,\"name\":\"Google Ads case study: How we helped a B2C business generate 33 new leads at 19\u20ac per lead in just one month?\"}]},{\"@type\":\"WebSite\",\"@id\":\"https:\\\/\\\/iqs.digital\\\/sk\\\/#website\",\"url\":\"https:\\\/\\\/iqs.digital\\\/sk\\\/\",\"name\":\"IQs Digital\",\"description\":\"Google Ads and conversion rate optimization agency.\",\"publisher\":{\"@id\":\"https:\\\/\\\/iqs.digital\\\/sk\\\/#organization\"},\"potentialAction\":[{\"@type\":\"SearchAction\",\"target\":{\"@type\":\"EntryPoint\",\"urlTemplate\":\"https:\\\/\\\/iqs.digital\\\/sk\\\/?s={search_term_string}\"},\"query-input\":{\"@type\":\"PropertyValueSpecification\",\"valueRequired\":true,\"valueName\":\"search_term_string\"}}],\"inLanguage\":\"sk-SK\"},{\"@type\":\"Organization\",\"@id\":\"https:\\\/\\\/iqs.digital\\\/sk\\\/#organization\",\"name\":\"IQs Digital\",\"url\":\"https:\\\/\\\/iqs.digital\\\/sk\\\/\",\"logo\":{\"@type\":\"ImageObject\",\"inLanguage\":\"sk-SK\",\"@id\":\"https:\\\/\\\/iqs.digital\\\/sk\\\/#\\\/schema\\\/logo\\\/image\\\/\",\"url\":\"https:\\\/\\\/iqs.digital\\\/wp-content\\\/uploads\\\/2022\\\/10\\\/General.jpg\",\"contentUrl\":\"https:\\\/\\\/iqs.digital\\\/wp-content\\\/uploads\\\/2022\\\/10\\\/General.jpg\",\"width\":1200,\"height\":627,\"caption\":\"IQs Digital\"},\"image\":{\"@id\":\"https:\\\/\\\/iqs.digital\\\/sk\\\/#\\\/schema\\\/logo\\\/image\\\/\"}}]}<\/script>\n<!-- \/ Yoast SEO plugin. -->","yoast_head_json":{"title":"Google Ads case study: How we helped a B2C business generate 33 new leads at 19\u20ac per lead in just one month? - IQs Digital","description":"Google Ads case study: How we helped a B2C business generate 33 new leads at 19\u20ac per lead in just one month?","robots":{"index":"index","follow":"follow","max-snippet":"max-snippet:-1","max-image-preview":"max-image-preview:large","max-video-preview":"max-video-preview:-1"},"canonical":"https:\/\/iqs.digital\/sk\/google-ads-case-study-b2c-lead-generation\/","og_locale":"sk_SK","og_type":"article","og_title":"Google Ads case study: How we helped a B2C business generate 33 new leads at 19\u20ac per lead in just one month? - IQs Digital","og_description":"Google Ads case study: How we helped a B2C business generate 33 new leads at 19\u20ac per lead in just one month?","og_url":"https:\/\/iqs.digital\/sk\/google-ads-case-study-b2c-lead-generation\/","og_site_name":"IQs Digital","article_modified_time":"2024-02-01T07:25:06+00:00","og_image":[{"url":"https:\/\/iqs.digital\/wp-content\/uploads\/2024\/01\/google-ads-b2c-lead-generation-case-study-stats-1024x326.png","type":"","width":"","height":""}],"twitter_card":"summary_large_image","twitter_misc":{"Predpokladan\u00fd \u010das \u010d\u00edtania":"5 min\u00fat"},"schema":{"@context":"https:\/\/schema.org","@graph":[{"@type":"WebPage","@id":"https:\/\/iqs.digital\/sk\/google-ads-case-study-b2c-lead-generation\/","url":"https:\/\/iqs.digital\/sk\/google-ads-case-study-b2c-lead-generation\/","name":"Google Ads case study: How we helped a B2C business generate 33 new leads at 19\u20ac per lead in just one month? - IQs Digital","isPartOf":{"@id":"https:\/\/iqs.digital\/sk\/#website"},"primaryImageOfPage":{"@id":"https:\/\/iqs.digital\/sk\/google-ads-case-study-b2c-lead-generation\/#primaryimage"},"image":{"@id":"https:\/\/iqs.digital\/sk\/google-ads-case-study-b2c-lead-generation\/#primaryimage"},"thumbnailUrl":"https:\/\/iqs.digital\/wp-content\/uploads\/2024\/01\/google-ads-b2c-lead-generation-case-study-stats-1024x326.png","datePublished":"2024-01-30T07:28:21+00:00","dateModified":"2024-02-01T07:25:06+00:00","description":"Google Ads case study: How we helped a B2C business generate 33 new leads at 19\u20ac per lead in just one month?","breadcrumb":{"@id":"https:\/\/iqs.digital\/sk\/google-ads-case-study-b2c-lead-generation\/#breadcrumb"},"inLanguage":"sk-SK","potentialAction":[{"@type":"ReadAction","target":["https:\/\/iqs.digital\/sk\/google-ads-case-study-b2c-lead-generation\/"]}]},{"@type":"ImageObject","inLanguage":"sk-SK","@id":"https:\/\/iqs.digital\/sk\/google-ads-case-study-b2c-lead-generation\/#primaryimage","url":"https:\/\/iqs.digital\/wp-content\/uploads\/2024\/01\/google-ads-b2c-lead-generation-case-study-stats-1024x326.png","contentUrl":"https:\/\/iqs.digital\/wp-content\/uploads\/2024\/01\/google-ads-b2c-lead-generation-case-study-stats-1024x326.png"},{"@type":"BreadcrumbList","@id":"https:\/\/iqs.digital\/sk\/google-ads-case-study-b2c-lead-generation\/#breadcrumb","itemListElement":[{"@type":"ListItem","position":1,"name":"Home","item":"https:\/\/iqs.digital\/sk\/"},{"@type":"ListItem","position":2,"name":"Google Ads case study: How we helped a B2C business generate 33 new leads at 19\u20ac per lead in just one month?"}]},{"@type":"WebSite","@id":"https:\/\/iqs.digital\/sk\/#website","url":"https:\/\/iqs.digital\/sk\/","name":"IQs Digital","description":"Google Ads and conversion rate optimization agency.","publisher":{"@id":"https:\/\/iqs.digital\/sk\/#organization"},"potentialAction":[{"@type":"SearchAction","target":{"@type":"EntryPoint","urlTemplate":"https:\/\/iqs.digital\/sk\/?s={search_term_string}"},"query-input":{"@type":"PropertyValueSpecification","valueRequired":true,"valueName":"search_term_string"}}],"inLanguage":"sk-SK"},{"@type":"Organization","@id":"https:\/\/iqs.digital\/sk\/#organization","name":"IQs Digital","url":"https:\/\/iqs.digital\/sk\/","logo":{"@type":"ImageObject","inLanguage":"sk-SK","@id":"https:\/\/iqs.digital\/sk\/#\/schema\/logo\/image\/","url":"https:\/\/iqs.digital\/wp-content\/uploads\/2022\/10\/General.jpg","contentUrl":"https:\/\/iqs.digital\/wp-content\/uploads\/2022\/10\/General.jpg","width":1200,"height":627,"caption":"IQs Digital"},"image":{"@id":"https:\/\/iqs.digital\/sk\/#\/schema\/logo\/image\/"}}]}},"_links":{"self":[{"href":"https:\/\/iqs.digital\/sk\/wp-json\/wp\/v2\/pages\/4565","targetHints":{"allow":["GET"]}}],"collection":[{"href":"https:\/\/iqs.digital\/sk\/wp-json\/wp\/v2\/pages"}],"about":[{"href":"https:\/\/iqs.digital\/sk\/wp-json\/wp\/v2\/types\/page"}],"author":[{"embeddable":true,"href":"https:\/\/iqs.digital\/sk\/wp-json\/wp\/v2\/users\/1"}],"replies":[{"embeddable":true,"href":"https:\/\/iqs.digital\/sk\/wp-json\/wp\/v2\/comments?post=4565"}],"version-history":[{"count":2,"href":"https:\/\/iqs.digital\/sk\/wp-json\/wp\/v2\/pages\/4565\/revisions"}],"predecessor-version":[{"id":4567,"href":"https:\/\/iqs.digital\/sk\/wp-json\/wp\/v2\/pages\/4565\/revisions\/4567"}],"wp:attachment":[{"href":"https:\/\/iqs.digital\/sk\/wp-json\/wp\/v2\/media?parent=4565"}],"curies":[{"name":"wp","href":"https:\/\/api.w.org\/{rel}","templated":true}]}}