{"id":4316,"date":"2023-08-13T09:06:46","date_gmt":"2023-08-13T08:06:46","guid":{"rendered":"https:\/\/iqs.digital\/?page_id=4316"},"modified":"2023-08-13T09:07:16","modified_gmt":"2023-08-13T08:07:16","slug":"pravidla-cookies","status":"publish","type":"page","link":"https:\/\/iqs.digital\/sk\/pravidla-cookies\/","title":{"rendered":"Pravidl\u00e1 cookies"},"content":{"rendered":"\n<h1 class=\"wp-block-heading has-text-align-center\"><strong>Pravidl\u00e1 cookies<\/strong><\/h1>\n\n\n\n<h3 class=\"wp-block-heading\">1. O cookies<\/h3>\n\n\n\n<p>1.1 Cookie je s\u00fabor obsahuj\u00faci identifik\u00e1tor (re\u0165azec p\u00edsmen a \u010d\u00edsel), ktor\u00fd posiela webov\u00fd server do webov\u00e9ho prehliada\u010da a je ulo\u017een\u00fd prehliada\u010dom. Identifik\u00e1tor sa potom odosiela sp\u00e4\u0165 na server v\u017edy, ke\u010f prehliada\u010d po\u017eaduje od servera str\u00e1nku.<\/p>\n\n\n\n<p>1.2 S\u00fabory cookies m\u00f4\u017eu by\u0165 bu\u010f \u201ctrval\u00e9\u201d s\u00fabory cookies, alebo s\u00fabory \u201crel\u00e1cie\u201d: trval\u00fd s\u00fabor cookie bude ulo\u017een\u00fd vo webovom prehliada\u010di a zostane platn\u00fd a\u017e do stanoven\u00e9ho d\u00e1tumu vypr\u0161ania platnosti, pokia\u013e nie je pred d\u00e1tumom vypr\u0161ania platnosti vymazan\u00fd pou\u017e\u00edvate\u013eom; cookies rel\u00e1cie vypr\u0161ia na konci rel\u00e1cie pou\u017e\u00edvate\u013ea, ke\u010f je webov\u00fd prehliada\u010d zatvoren\u00fd.<\/p>\n\n\n\n<p>1.3 S\u00fabory cookies zvy\u010dajne neobsahuj\u00fa \u017eiadne inform\u00e1cie, ktor\u00e9 osobne identifikuj\u00fa pou\u017e\u00edvate\u013ea, ale osobn\u00e9 inform\u00e1cie, ktor\u00e9 uklad\u00e1me, m\u00f4\u017eu by\u0165 prepojen\u00e9 s inform\u00e1ciami ulo\u017een\u00fdmi v cookies a z\u00edskan\u00fdmi z nich.<\/p>\n\n\n\n<h3 class=\"wp-block-heading\">2. Cookies, ktor\u00e9 pou\u017e\u00edvame<\/h3>\n\n\n\n<p>2.1 Cookies pou\u017e\u00edvame na nasleduj\u00face \u00fa\u010dely:<br>(a) overovanie \u2013 s\u00fabory cookies pou\u017e\u00edvame na va\u0161u identifik\u00e1ciu pri n\u00e1v\u0161teve na\u0161ich webov\u00fdch str\u00e1nok a po\u010das navig\u00e1cie na na\u0161ich webov\u00fdch str\u00e1nkach;<br>(b) anal\u00fdza \u2013 pou\u017e\u00edvame s\u00fabory cookies, ktor\u00e9 n\u00e1m pom\u00e1haj\u00fa analyzova\u0165 pou\u017e\u00edvanie a v\u00fdkonnos\u0165 na\u0161ich webov\u00fdch str\u00e1nok a slu\u017eieb; a<br>(c) s\u00fahlas cookies \u2013 s\u00fabory cookies pou\u017e\u00edvame na ukladanie va\u0161ich preferenci\u00ed k pou\u017e\u00edvaniu s\u00faborov cookies pri prehliadan\u00ed webovej str\u00e1nky<\/p>\n\n\n\n<h3 class=\"wp-block-heading\">3. Cookies pou\u017e\u00edvan\u00e9 na\u0161imi poskytovate\u013emi slu\u017eieb<\/h3>\n\n\n\n<p>3.1 Na\u0161i poskytovatelia slu\u017eieb pou\u017e\u00edvaj\u00fa s\u00fabory cookies a tieto cookies m\u00f4\u017eu by\u0165 ulo\u017een\u00e9 vo va\u0161om po\u010d\u00edta\u010di pri n\u00e1v\u0161teve na\u0161ich webov\u00fdch str\u00e1nok.<\/p>\n\n\n\n<p>3.2 Na anal\u00fdzu pou\u017e\u00edvania na\u0161ich webov\u00fdch str\u00e1nok pou\u017e\u00edvame slu\u017ebu&nbsp;<em>Google Analytics<\/em>. Slu\u017eba Google Analytics zhroma\u017e\u010fuje inform\u00e1cie o pou\u017e\u00edvan\u00ed webov\u00fdch str\u00e1nok prostredn\u00edctvom s\u00faborov cookies. Zhroma\u017eden\u00e9 inform\u00e1cie t\u00fdkaj\u00face sa na\u0161ich webov\u00fdch str\u00e1nok sa pou\u017e\u00edvaj\u00fa na vytv\u00e1ranie preh\u013eadov o pou\u017e\u00edvan\u00ed na\u0161ich webov\u00fdch str\u00e1nok. Pravidl\u00e1 ochrany osobn\u00fdch \u00fadajov spolo\u010dnosti Google s\u00fa k dispoz\u00edcii na str\u00e1nke:&nbsp;<a href=\"https:\/\/policies.google.com\/privacy?hl=sk\" target=\"_blank\" rel=\"noreferrer noopener\">Google Ochrana s\u00fakromia<\/a><\/p>\n\n\n\n<p>3.3 Pou\u017e\u00edvame&nbsp;<em>Facebook Pixel<\/em>&nbsp;na anal\u00fdzu pou\u017eitia na\u0161ich webov\u00fdch str\u00e1nok. T\u00e1to slu\u017eba pou\u017e\u00edva s\u00fabory cookies na zabezpe\u010denie toho, aby sa na\u0161e reklamy zobrazovali spr\u00e1vnym \u013eu\u010fom a vytv\u00e1rali reklamn\u00e9 publikum. M\u00f4\u017eete si pozrie\u0165 pravidl\u00e1 ochrany osobn\u00fdch \u00fadajov tohto poskytovate\u013ea slu\u017eieb&nbsp;<a href=\"https:\/\/www.facebook.com\/privacy\/explanation\/\" target=\"_blank\" rel=\"noreferrer noopener\">na adrese<\/a>&nbsp;<em>.<\/em><\/p>\n\n\n\n<h3 class=\"wp-block-heading\">4. Spr\u00e1va s\u00faborov cookies<\/h3>\n\n\n\n<p>4.1 V\u00e4\u010d\u0161ina prehliada\u010dov v\u00e1m umo\u017e\u0148uje odmietnu\u0165 prijatie s\u00faborov cookies a odstr\u00e1ni\u0165 s\u00fabory cookies. Met\u00f3dy na ich spr\u00e1vu sa l\u00ed\u0161ia v z\u00e1vislosti od prehliada\u010da a verzie prehliada\u010da. M\u00f4\u017eete v\u0161ak z\u00edska\u0165 aktu\u00e1lne inform\u00e1cie o blokovan\u00ed a mazan\u00ed s\u00faborov cookies prostredn\u00edctvom t\u00fdchto odkazov:<br>(a)&nbsp;<a href=\"https:\/\/support.google.com\/chrome\/answer\/95647?hl=sk\" target=\"_blank\" rel=\"noreferrer noopener\">Chrome<\/a><br>(b)&nbsp;<a href=\"https:\/\/support.mozilla.org\/sk\/kb\/povolenie-zakazanie-cookies\" target=\"_blank\" rel=\"noreferrer noopener\">Firefox<\/a><br>(c) (<a href=\"http:\/\/www.opera.com\/help\/tutorials\/security\/cookies\/\" target=\"_blank\" rel=\"noreferrer noopener\">Opera<\/a><br>(d)&nbsp;<a href=\"https:\/\/support.microsoft.com\/sk-sk\/help\/17442\/windows-internet-explorer-delete-manage-cookies\" target=\"_blank\" rel=\"noreferrer noopener\">Internet Explorer<\/a><br>(e) &nbsp;<a href=\"https:\/\/support.apple.com\/kb\/PH21411?locale=sk_SK\" target=\"_blank\" rel=\"noreferrer noopener\">Safari<\/a>; a<br>(f)&nbsp;<a href=\"https:\/\/privacy.microsoft.com\/en-us\/windows-10-microsoft-edge-and-privacy\" target=\"_blank\" rel=\"noreferrer noopener\">&nbsp;Edge<\/a><\/p>\n\n\n\n<p>4.2 Blokovanie v\u0161etk\u00fdch s\u00faborov cookies bude ma\u0165 negat\u00edvny vplyv na pou\u017eite\u013enos\u0165 mnoh\u00fdch webov\u00fdch str\u00e1nok.<\/p>\n\n\n\n<p>4.3 Ak zablokujete cookies, nebudete m\u00f4c\u0165 pou\u017e\u00edva\u0165 v\u0161etky funkcie na\u0161ich webov\u00fdch str\u00e1nok.<\/p>\n\n\n\n<p><\/p>\n","protected":false},"excerpt":{"rendered":"<p>Pravidl\u00e1 cookies 1. O cookies 1.1 Cookie je s\u00fabor obsahuj\u00faci identifik\u00e1tor (re\u0165azec p\u00edsmen a \u010d\u00edsel), ktor\u00fd posiela webov\u00fd server do webov\u00e9ho prehliada\u010da a je ulo\u017een\u00fd prehliada\u010dom. Identifik\u00e1tor sa potom odosiela sp\u00e4\u0165 na server v\u017edy, ke\u010f prehliada\u010d po\u017eaduje od servera str\u00e1nku. 1.2 S\u00fabory cookies m\u00f4\u017eu by\u0165 bu\u010f \u201ctrval\u00e9\u201d s\u00fabory cookies, alebo s\u00fabory \u201crel\u00e1cie\u201d: trval\u00fd s\u00fabor cookie [&hellip;]<\/p>\n","protected":false},"author":1,"featured_media":0,"parent":0,"menu_order":0,"comment_status":"closed","ping_status":"closed","template":"","meta":{"footnotes":""},"class_list":["post-4316","page","type-page","status-publish","hentry"],"yoast_head":"<!-- This site is optimized with the Yoast SEO plugin v27.3 - https:\/\/yoast.com\/product\/yoast-seo-wordpress\/ -->\n<title>Pravidl\u00e1 cookies - IQs Digital<\/title>\n<meta name=\"robots\" content=\"index, follow, max-snippet:-1, max-image-preview:large, max-video-preview:-1\" \/>\n<link rel=\"canonical\" href=\"https:\/\/iqs.digital\/sk\/pravidla-cookies\/\" \/>\n<meta property=\"og:locale\" content=\"sk_SK\" \/>\n<meta property=\"og:type\" content=\"article\" \/>\n<meta property=\"og:title\" content=\"Pravidl\u00e1 cookies - IQs Digital\" \/>\n<meta property=\"og:description\" content=\"Pravidl\u00e1 cookies 1. O cookies 1.1 Cookie je s\u00fabor obsahuj\u00faci identifik\u00e1tor (re\u0165azec p\u00edsmen a \u010d\u00edsel), ktor\u00fd posiela webov\u00fd server do webov\u00e9ho prehliada\u010da a je ulo\u017een\u00fd prehliada\u010dom. Identifik\u00e1tor sa potom odosiela sp\u00e4\u0165 na server v\u017edy, ke\u010f prehliada\u010d po\u017eaduje od servera str\u00e1nku. 1.2 S\u00fabory cookies m\u00f4\u017eu by\u0165 bu\u010f \u201ctrval\u00e9\u201d s\u00fabory cookies, alebo s\u00fabory \u201crel\u00e1cie\u201d: trval\u00fd s\u00fabor cookie [&hellip;]\" \/>\n<meta property=\"og:url\" content=\"https:\/\/iqs.digital\/sk\/pravidla-cookies\/\" \/>\n<meta property=\"og:site_name\" content=\"IQs Digital\" \/>\n<meta property=\"article:modified_time\" content=\"2023-08-13T08:07:16+00:00\" \/>\n<meta property=\"og:image\" content=\"https:\/\/iqs.digital\/wp-content\/uploads\/2022\/10\/General.jpg\" \/>\n\t<meta property=\"og:image:width\" content=\"1200\" \/>\n\t<meta property=\"og:image:height\" content=\"627\" \/>\n\t<meta property=\"og:image:type\" content=\"image\/jpeg\" \/>\n<meta name=\"twitter:card\" content=\"summary_large_image\" \/>\n<meta name=\"twitter:label1\" content=\"Predpokladan\u00fd \u010das \u010d\u00edtania\" \/>\n\t<meta name=\"twitter:data1\" content=\"2 min\u00faty\" \/>\n<script type=\"application\/ld+json\" class=\"yoast-schema-graph\">{\"@context\":\"https:\\\/\\\/schema.org\",\"@graph\":[{\"@type\":\"WebPage\",\"@id\":\"https:\\\/\\\/iqs.digital\\\/sk\\\/pravidla-cookies\\\/\",\"url\":\"https:\\\/\\\/iqs.digital\\\/sk\\\/pravidla-cookies\\\/\",\"name\":\"Pravidl\u00e1 cookies - IQs Digital\",\"isPartOf\":{\"@id\":\"https:\\\/\\\/iqs.digital\\\/sk\\\/#website\"},\"datePublished\":\"2023-08-13T08:06:46+00:00\",\"dateModified\":\"2023-08-13T08:07:16+00:00\",\"breadcrumb\":{\"@id\":\"https:\\\/\\\/iqs.digital\\\/sk\\\/pravidla-cookies\\\/#breadcrumb\"},\"inLanguage\":\"sk-SK\",\"potentialAction\":[{\"@type\":\"ReadAction\",\"target\":[\"https:\\\/\\\/iqs.digital\\\/sk\\\/pravidla-cookies\\\/\"]}]},{\"@type\":\"BreadcrumbList\",\"@id\":\"https:\\\/\\\/iqs.digital\\\/sk\\\/pravidla-cookies\\\/#breadcrumb\",\"itemListElement\":[{\"@type\":\"ListItem\",\"position\":1,\"name\":\"Home\",\"item\":\"https:\\\/\\\/iqs.digital\\\/sk\\\/\"},{\"@type\":\"ListItem\",\"position\":2,\"name\":\"Pravidl\u00e1 cookies\"}]},{\"@type\":\"WebSite\",\"@id\":\"https:\\\/\\\/iqs.digital\\\/sk\\\/#website\",\"url\":\"https:\\\/\\\/iqs.digital\\\/sk\\\/\",\"name\":\"IQs Digital\",\"description\":\"Google Ads and conversion rate optimization agency.\",\"publisher\":{\"@id\":\"https:\\\/\\\/iqs.digital\\\/sk\\\/#organization\"},\"potentialAction\":[{\"@type\":\"SearchAction\",\"target\":{\"@type\":\"EntryPoint\",\"urlTemplate\":\"https:\\\/\\\/iqs.digital\\\/sk\\\/?s={search_term_string}\"},\"query-input\":{\"@type\":\"PropertyValueSpecification\",\"valueRequired\":true,\"valueName\":\"search_term_string\"}}],\"inLanguage\":\"sk-SK\"},{\"@type\":\"Organization\",\"@id\":\"https:\\\/\\\/iqs.digital\\\/sk\\\/#organization\",\"name\":\"IQs Digital\",\"url\":\"https:\\\/\\\/iqs.digital\\\/sk\\\/\",\"logo\":{\"@type\":\"ImageObject\",\"inLanguage\":\"sk-SK\",\"@id\":\"https:\\\/\\\/iqs.digital\\\/sk\\\/#\\\/schema\\\/logo\\\/image\\\/\",\"url\":\"https:\\\/\\\/iqs.digital\\\/wp-content\\\/uploads\\\/2022\\\/10\\\/General.jpg\",\"contentUrl\":\"https:\\\/\\\/iqs.digital\\\/wp-content\\\/uploads\\\/2022\\\/10\\\/General.jpg\",\"width\":1200,\"height\":627,\"caption\":\"IQs Digital\"},\"image\":{\"@id\":\"https:\\\/\\\/iqs.digital\\\/sk\\\/#\\\/schema\\\/logo\\\/image\\\/\"}}]}<\/script>\n<!-- \/ Yoast SEO plugin. -->","yoast_head_json":{"title":"Pravidl\u00e1 cookies - IQs Digital","robots":{"index":"index","follow":"follow","max-snippet":"max-snippet:-1","max-image-preview":"max-image-preview:large","max-video-preview":"max-video-preview:-1"},"canonical":"https:\/\/iqs.digital\/sk\/pravidla-cookies\/","og_locale":"sk_SK","og_type":"article","og_title":"Pravidl\u00e1 cookies - IQs Digital","og_description":"Pravidl\u00e1 cookies 1. O cookies 1.1 Cookie je s\u00fabor obsahuj\u00faci identifik\u00e1tor (re\u0165azec p\u00edsmen a \u010d\u00edsel), ktor\u00fd posiela webov\u00fd server do webov\u00e9ho prehliada\u010da a je ulo\u017een\u00fd prehliada\u010dom. Identifik\u00e1tor sa potom odosiela sp\u00e4\u0165 na server v\u017edy, ke\u010f prehliada\u010d po\u017eaduje od servera str\u00e1nku. 1.2 S\u00fabory cookies m\u00f4\u017eu by\u0165 bu\u010f \u201ctrval\u00e9\u201d s\u00fabory cookies, alebo s\u00fabory \u201crel\u00e1cie\u201d: trval\u00fd s\u00fabor cookie [&hellip;]","og_url":"https:\/\/iqs.digital\/sk\/pravidla-cookies\/","og_site_name":"IQs Digital","article_modified_time":"2023-08-13T08:07:16+00:00","og_image":[{"width":1200,"height":627,"url":"https:\/\/iqs.digital\/wp-content\/uploads\/2022\/10\/General.jpg","type":"image\/jpeg"}],"twitter_card":"summary_large_image","twitter_misc":{"Predpokladan\u00fd \u010das \u010d\u00edtania":"2 min\u00faty"},"schema":{"@context":"https:\/\/schema.org","@graph":[{"@type":"WebPage","@id":"https:\/\/iqs.digital\/sk\/pravidla-cookies\/","url":"https:\/\/iqs.digital\/sk\/pravidla-cookies\/","name":"Pravidl\u00e1 cookies - IQs Digital","isPartOf":{"@id":"https:\/\/iqs.digital\/sk\/#website"},"datePublished":"2023-08-13T08:06:46+00:00","dateModified":"2023-08-13T08:07:16+00:00","breadcrumb":{"@id":"https:\/\/iqs.digital\/sk\/pravidla-cookies\/#breadcrumb"},"inLanguage":"sk-SK","potentialAction":[{"@type":"ReadAction","target":["https:\/\/iqs.digital\/sk\/pravidla-cookies\/"]}]},{"@type":"BreadcrumbList","@id":"https:\/\/iqs.digital\/sk\/pravidla-cookies\/#breadcrumb","itemListElement":[{"@type":"ListItem","position":1,"name":"Home","item":"https:\/\/iqs.digital\/sk\/"},{"@type":"ListItem","position":2,"name":"Pravidl\u00e1 cookies"}]},{"@type":"WebSite","@id":"https:\/\/iqs.digital\/sk\/#website","url":"https:\/\/iqs.digital\/sk\/","name":"IQs Digital","description":"Google Ads and conversion rate optimization agency.","publisher":{"@id":"https:\/\/iqs.digital\/sk\/#organization"},"potentialAction":[{"@type":"SearchAction","target":{"@type":"EntryPoint","urlTemplate":"https:\/\/iqs.digital\/sk\/?s={search_term_string}"},"query-input":{"@type":"PropertyValueSpecification","valueRequired":true,"valueName":"search_term_string"}}],"inLanguage":"sk-SK"},{"@type":"Organization","@id":"https:\/\/iqs.digital\/sk\/#organization","name":"IQs Digital","url":"https:\/\/iqs.digital\/sk\/","logo":{"@type":"ImageObject","inLanguage":"sk-SK","@id":"https:\/\/iqs.digital\/sk\/#\/schema\/logo\/image\/","url":"https:\/\/iqs.digital\/wp-content\/uploads\/2022\/10\/General.jpg","contentUrl":"https:\/\/iqs.digital\/wp-content\/uploads\/2022\/10\/General.jpg","width":1200,"height":627,"caption":"IQs Digital"},"image":{"@id":"https:\/\/iqs.digital\/sk\/#\/schema\/logo\/image\/"}}]}},"_links":{"self":[{"href":"https:\/\/iqs.digital\/sk\/wp-json\/wp\/v2\/pages\/4316","targetHints":{"allow":["GET"]}}],"collection":[{"href":"https:\/\/iqs.digital\/sk\/wp-json\/wp\/v2\/pages"}],"about":[{"href":"https:\/\/iqs.digital\/sk\/wp-json\/wp\/v2\/types\/page"}],"author":[{"embeddable":true,"href":"https:\/\/iqs.digital\/sk\/wp-json\/wp\/v2\/users\/1"}],"replies":[{"embeddable":true,"href":"https:\/\/iqs.digital\/sk\/wp-json\/wp\/v2\/comments?post=4316"}],"version-history":[{"count":2,"href":"https:\/\/iqs.digital\/sk\/wp-json\/wp\/v2\/pages\/4316\/revisions"}],"predecessor-version":[{"id":4319,"href":"https:\/\/iqs.digital\/sk\/wp-json\/wp\/v2\/pages\/4316\/revisions\/4319"}],"wp:attachment":[{"href":"https:\/\/iqs.digital\/sk\/wp-json\/wp\/v2\/media?parent=4316"}],"curies":[{"name":"wp","href":"https:\/\/api.w.org\/{rel}","templated":true}]}}