{"id":4069,"date":"2022-11-01T08:39:26","date_gmt":"2022-11-01T07:39:26","guid":{"rendered":"https:\/\/iqs.digital\/schedule-a-call\/"},"modified":"2023-08-12T22:27:24","modified_gmt":"2023-08-12T21:27:24","slug":"dohodnite-si-bezplatnu-konzultaciu","status":"publish","type":"page","link":"https:\/\/iqs.digital\/sk\/dohodnite-si-bezplatnu-konzultaciu\/","title":{"rendered":"Dohodnite si bezplatn\u00fa konzult\u00e1ciu"},"content":{"rendered":"\n<div style=\"height:30px\" aria-hidden=\"true\" class=\"wp-block-spacer\"><\/div>\n\n\n\n<h1 class=\"wp-block-heading has-text-align-center\" style=\"font-size:60px\"><strong>Dohodnite si bezplatn\u00fa konzult\u00e1ciu<\/strong><\/h1>\n\n\n\n<div class=\"calendly-inline-widget\" data-url=\"https:\/\/calendly.com\/aleksandar-iqs-digital\/30min?background_color=002e48&#038;text_color=ffffff&#038;primary_color=f9ed32\" style=\"min-width:320px;height:680px;\"><\/div>\n<script type=\"text\/javascript\" src=\"https:\/\/assets.calendly.com\/assets\/external\/widget.js\" async><\/script>\n\n\n\n<div style=\"height:30px\" aria-hidden=\"true\" class=\"wp-block-spacer\"><\/div>\n","protected":false},"excerpt":{"rendered":"<p>Dohodnite si bezplatn\u00fa konzult\u00e1ciu<\/p>\n","protected":false},"author":1,"featured_media":3906,"parent":0,"menu_order":0,"comment_status":"closed","ping_status":"closed","template":"","meta":{"footnotes":""},"class_list":["post-4069","page","type-page","status-publish","has-post-thumbnail","hentry"],"yoast_head":"<!-- This site is optimized with the Yoast SEO plugin v27.3 - https:\/\/yoast.com\/product\/yoast-seo-wordpress\/ -->\n<title>Dohodnite si bezplatn\u00fa konzult\u00e1ciu - IQs Digital<\/title>\n<meta name=\"robots\" content=\"index, follow, max-snippet:-1, max-image-preview:large, max-video-preview:-1\" \/>\n<link rel=\"canonical\" href=\"https:\/\/iqs.digital\/sk\/dohodnite-si-bezplatnu-konzultaciu\/\" \/>\n<meta property=\"og:locale\" content=\"sk_SK\" \/>\n<meta property=\"og:type\" content=\"article\" \/>\n<meta property=\"og:title\" content=\"Dohodnite si bezplatn\u00fa konzult\u00e1ciu - IQs Digital\" \/>\n<meta property=\"og:description\" content=\"Dohodnite si bezplatn\u00fa konzult\u00e1ciu\" \/>\n<meta property=\"og:url\" content=\"https:\/\/iqs.digital\/sk\/dohodnite-si-bezplatnu-konzultaciu\/\" \/>\n<meta property=\"og:site_name\" content=\"IQs Digital\" \/>\n<meta property=\"article:modified_time\" content=\"2023-08-12T21:27:24+00:00\" \/>\n<meta property=\"og:image\" content=\"https:\/\/iqs.digital\/wp-content\/uploads\/2022\/10\/General.jpg\" \/>\n\t<meta property=\"og:image:width\" content=\"1200\" \/>\n\t<meta property=\"og:image:height\" content=\"627\" \/>\n\t<meta property=\"og:image:type\" content=\"image\/jpeg\" \/>\n<meta name=\"twitter:card\" content=\"summary_large_image\" \/>\n<meta name=\"twitter:label1\" content=\"Predpokladan\u00fd \u010das \u010d\u00edtania\" \/>\n\t<meta name=\"twitter:data1\" content=\"1 min\u00fata\" \/>\n<script type=\"application\/ld+json\" class=\"yoast-schema-graph\">{\"@context\":\"https:\\\/\\\/schema.org\",\"@graph\":[{\"@type\":\"WebPage\",\"@id\":\"https:\\\/\\\/iqs.digital\\\/sk\\\/dohodnite-si-bezplatnu-konzultaciu\\\/\",\"url\":\"https:\\\/\\\/iqs.digital\\\/sk\\\/dohodnite-si-bezplatnu-konzultaciu\\\/\",\"name\":\"Dohodnite si bezplatn\u00fa konzult\u00e1ciu - IQs Digital\",\"isPartOf\":{\"@id\":\"https:\\\/\\\/iqs.digital\\\/sk\\\/#website\"},\"primaryImageOfPage\":{\"@id\":\"https:\\\/\\\/iqs.digital\\\/sk\\\/dohodnite-si-bezplatnu-konzultaciu\\\/#primaryimage\"},\"image\":{\"@id\":\"https:\\\/\\\/iqs.digital\\\/sk\\\/dohodnite-si-bezplatnu-konzultaciu\\\/#primaryimage\"},\"thumbnailUrl\":\"https:\\\/\\\/iqs.digital\\\/wp-content\\\/uploads\\\/2022\\\/10\\\/General.jpg\",\"datePublished\":\"2022-11-01T07:39:26+00:00\",\"dateModified\":\"2023-08-12T21:27:24+00:00\",\"breadcrumb\":{\"@id\":\"https:\\\/\\\/iqs.digital\\\/sk\\\/dohodnite-si-bezplatnu-konzultaciu\\\/#breadcrumb\"},\"inLanguage\":\"sk-SK\",\"potentialAction\":[{\"@type\":\"ReadAction\",\"target\":[\"https:\\\/\\\/iqs.digital\\\/sk\\\/dohodnite-si-bezplatnu-konzultaciu\\\/\"]}]},{\"@type\":\"ImageObject\",\"inLanguage\":\"sk-SK\",\"@id\":\"https:\\\/\\\/iqs.digital\\\/sk\\\/dohodnite-si-bezplatnu-konzultaciu\\\/#primaryimage\",\"url\":\"https:\\\/\\\/iqs.digital\\\/wp-content\\\/uploads\\\/2022\\\/10\\\/General.jpg\",\"contentUrl\":\"https:\\\/\\\/iqs.digital\\\/wp-content\\\/uploads\\\/2022\\\/10\\\/General.jpg\",\"width\":1200,\"height\":627},{\"@type\":\"BreadcrumbList\",\"@id\":\"https:\\\/\\\/iqs.digital\\\/sk\\\/dohodnite-si-bezplatnu-konzultaciu\\\/#breadcrumb\",\"itemListElement\":[{\"@type\":\"ListItem\",\"position\":1,\"name\":\"Home\",\"item\":\"https:\\\/\\\/iqs.digital\\\/sk\\\/\"},{\"@type\":\"ListItem\",\"position\":2,\"name\":\"Dohodnite si bezplatn\u00fa konzult\u00e1ciu\"}]},{\"@type\":\"WebSite\",\"@id\":\"https:\\\/\\\/iqs.digital\\\/sk\\\/#website\",\"url\":\"https:\\\/\\\/iqs.digital\\\/sk\\\/\",\"name\":\"IQs Digital\",\"description\":\"Google Ads and conversion rate optimization agency.\",\"publisher\":{\"@id\":\"https:\\\/\\\/iqs.digital\\\/sk\\\/#organization\"},\"potentialAction\":[{\"@type\":\"SearchAction\",\"target\":{\"@type\":\"EntryPoint\",\"urlTemplate\":\"https:\\\/\\\/iqs.digital\\\/sk\\\/?s={search_term_string}\"},\"query-input\":{\"@type\":\"PropertyValueSpecification\",\"valueRequired\":true,\"valueName\":\"search_term_string\"}}],\"inLanguage\":\"sk-SK\"},{\"@type\":\"Organization\",\"@id\":\"https:\\\/\\\/iqs.digital\\\/sk\\\/#organization\",\"name\":\"IQs Digital\",\"url\":\"https:\\\/\\\/iqs.digital\\\/sk\\\/\",\"logo\":{\"@type\":\"ImageObject\",\"inLanguage\":\"sk-SK\",\"@id\":\"https:\\\/\\\/iqs.digital\\\/sk\\\/#\\\/schema\\\/logo\\\/image\\\/\",\"url\":\"https:\\\/\\\/iqs.digital\\\/wp-content\\\/uploads\\\/2022\\\/10\\\/General.jpg\",\"contentUrl\":\"https:\\\/\\\/iqs.digital\\\/wp-content\\\/uploads\\\/2022\\\/10\\\/General.jpg\",\"width\":1200,\"height\":627,\"caption\":\"IQs Digital\"},\"image\":{\"@id\":\"https:\\\/\\\/iqs.digital\\\/sk\\\/#\\\/schema\\\/logo\\\/image\\\/\"}}]}<\/script>\n<!-- \/ Yoast SEO plugin. -->","yoast_head_json":{"title":"Dohodnite si bezplatn\u00fa konzult\u00e1ciu - IQs Digital","robots":{"index":"index","follow":"follow","max-snippet":"max-snippet:-1","max-image-preview":"max-image-preview:large","max-video-preview":"max-video-preview:-1"},"canonical":"https:\/\/iqs.digital\/sk\/dohodnite-si-bezplatnu-konzultaciu\/","og_locale":"sk_SK","og_type":"article","og_title":"Dohodnite si bezplatn\u00fa konzult\u00e1ciu - IQs Digital","og_description":"Dohodnite si bezplatn\u00fa konzult\u00e1ciu","og_url":"https:\/\/iqs.digital\/sk\/dohodnite-si-bezplatnu-konzultaciu\/","og_site_name":"IQs Digital","article_modified_time":"2023-08-12T21:27:24+00:00","og_image":[{"width":1200,"height":627,"url":"https:\/\/iqs.digital\/wp-content\/uploads\/2022\/10\/General.jpg","type":"image\/jpeg"}],"twitter_card":"summary_large_image","twitter_misc":{"Predpokladan\u00fd \u010das \u010d\u00edtania":"1 min\u00fata"},"schema":{"@context":"https:\/\/schema.org","@graph":[{"@type":"WebPage","@id":"https:\/\/iqs.digital\/sk\/dohodnite-si-bezplatnu-konzultaciu\/","url":"https:\/\/iqs.digital\/sk\/dohodnite-si-bezplatnu-konzultaciu\/","name":"Dohodnite si bezplatn\u00fa konzult\u00e1ciu - IQs Digital","isPartOf":{"@id":"https:\/\/iqs.digital\/sk\/#website"},"primaryImageOfPage":{"@id":"https:\/\/iqs.digital\/sk\/dohodnite-si-bezplatnu-konzultaciu\/#primaryimage"},"image":{"@id":"https:\/\/iqs.digital\/sk\/dohodnite-si-bezplatnu-konzultaciu\/#primaryimage"},"thumbnailUrl":"https:\/\/iqs.digital\/wp-content\/uploads\/2022\/10\/General.jpg","datePublished":"2022-11-01T07:39:26+00:00","dateModified":"2023-08-12T21:27:24+00:00","breadcrumb":{"@id":"https:\/\/iqs.digital\/sk\/dohodnite-si-bezplatnu-konzultaciu\/#breadcrumb"},"inLanguage":"sk-SK","potentialAction":[{"@type":"ReadAction","target":["https:\/\/iqs.digital\/sk\/dohodnite-si-bezplatnu-konzultaciu\/"]}]},{"@type":"ImageObject","inLanguage":"sk-SK","@id":"https:\/\/iqs.digital\/sk\/dohodnite-si-bezplatnu-konzultaciu\/#primaryimage","url":"https:\/\/iqs.digital\/wp-content\/uploads\/2022\/10\/General.jpg","contentUrl":"https:\/\/iqs.digital\/wp-content\/uploads\/2022\/10\/General.jpg","width":1200,"height":627},{"@type":"BreadcrumbList","@id":"https:\/\/iqs.digital\/sk\/dohodnite-si-bezplatnu-konzultaciu\/#breadcrumb","itemListElement":[{"@type":"ListItem","position":1,"name":"Home","item":"https:\/\/iqs.digital\/sk\/"},{"@type":"ListItem","position":2,"name":"Dohodnite si bezplatn\u00fa konzult\u00e1ciu"}]},{"@type":"WebSite","@id":"https:\/\/iqs.digital\/sk\/#website","url":"https:\/\/iqs.digital\/sk\/","name":"IQs Digital","description":"Google Ads and conversion rate optimization agency.","publisher":{"@id":"https:\/\/iqs.digital\/sk\/#organization"},"potentialAction":[{"@type":"SearchAction","target":{"@type":"EntryPoint","urlTemplate":"https:\/\/iqs.digital\/sk\/?s={search_term_string}"},"query-input":{"@type":"PropertyValueSpecification","valueRequired":true,"valueName":"search_term_string"}}],"inLanguage":"sk-SK"},{"@type":"Organization","@id":"https:\/\/iqs.digital\/sk\/#organization","name":"IQs Digital","url":"https:\/\/iqs.digital\/sk\/","logo":{"@type":"ImageObject","inLanguage":"sk-SK","@id":"https:\/\/iqs.digital\/sk\/#\/schema\/logo\/image\/","url":"https:\/\/iqs.digital\/wp-content\/uploads\/2022\/10\/General.jpg","contentUrl":"https:\/\/iqs.digital\/wp-content\/uploads\/2022\/10\/General.jpg","width":1200,"height":627,"caption":"IQs Digital"},"image":{"@id":"https:\/\/iqs.digital\/sk\/#\/schema\/logo\/image\/"}}]}},"_links":{"self":[{"href":"https:\/\/iqs.digital\/sk\/wp-json\/wp\/v2\/pages\/4069","targetHints":{"allow":["GET"]}}],"collection":[{"href":"https:\/\/iqs.digital\/sk\/wp-json\/wp\/v2\/pages"}],"about":[{"href":"https:\/\/iqs.digital\/sk\/wp-json\/wp\/v2\/types\/page"}],"author":[{"embeddable":true,"href":"https:\/\/iqs.digital\/sk\/wp-json\/wp\/v2\/users\/1"}],"replies":[{"embeddable":true,"href":"https:\/\/iqs.digital\/sk\/wp-json\/wp\/v2\/comments?post=4069"}],"version-history":[{"count":2,"href":"https:\/\/iqs.digital\/sk\/wp-json\/wp\/v2\/pages\/4069\/revisions"}],"predecessor-version":[{"id":4281,"href":"https:\/\/iqs.digital\/sk\/wp-json\/wp\/v2\/pages\/4069\/revisions\/4281"}],"wp:featuredmedia":[{"embeddable":true,"href":"https:\/\/iqs.digital\/sk\/wp-json\/wp\/v2\/media\/3906"}],"wp:attachment":[{"href":"https:\/\/iqs.digital\/sk\/wp-json\/wp\/v2\/media?parent=4069"}],"curies":[{"name":"wp","href":"https:\/\/api.w.org\/{rel}","templated":true}]}}