{"id":4064,"date":"2023-05-09T20:30:41","date_gmt":"2023-05-09T19:30:41","guid":{"rendered":"https:\/\/iqs.digital\/careers\/"},"modified":"2023-05-09T20:30:41","modified_gmt":"2023-05-09T19:30:41","slug":"careers","status":"publish","type":"page","link":"https:\/\/iqs.digital\/sk\/careers\/","title":{"rendered":"Careers"},"content":{"rendered":"\n<h1 class=\"wp-block-heading has-text-align-center\">Working at<br><strong> IQs Digital<\/strong><\/h1>\n\n\n\n<div class=\"wp-block-group is-layout-constrained wp-block-group-is-layout-constrained\">\n<p>Looking for a 100% remote-based job with people who value good energy above all? <\/p>\n\n\n\n<p>Look no further, you are at the right place. <\/p>\n\n\n\n<p>We are a small digital marketing agency with huge ambitions. We can guarantee you constant career improvement through fun projects where you&#8217;ll always learn something new. <\/p>\n\n\n\n<p>If you are like us and value good vibes and team play above all, apply to one of the positions below right away. <\/p>\n<\/div>\n\n\n\n<div class=\"wp-block-cover alignfull\" id=\"our-expertise\"><span aria-hidden=\"true\" class=\"wp-block-cover__background has-background-dim-100 has-background-dim\" style=\"background-color:#002e48\"><\/span><div class=\"wp-block-cover__inner-container is-layout-flow wp-block-cover-is-layout-flow\">\n<div class=\"wp-block-group is-layout-constrained wp-container-core-group-is-layout-0892805f wp-block-group-is-layout-constrained\" style=\"border-radius:30px;padding-top:50px;padding-bottom:50px\">\n<h2 class=\"wp-block-heading has-text-align-center mt-0\" style=\"margin-bottom:50px\"><strong>Our key values<\/strong><\/h2>\n\n\n\n<div class=\"wp-block-columns is-layout-flex wp-container-core-columns-is-layout-28f84493 wp-block-columns-is-layout-flex\">\n<div class=\"wp-block-column is-layout-flow wp-block-column-is-layout-flow\">\n<p class=\"has-text-align-left\" style=\"font-size:100px;line-height:1\"><strong>01<\/strong><\/p>\n\n\n\n<h3 class=\"wp-block-heading has-text-align-left has-custom-yellow-color has-text-color has-large-font-size\"><strong>Focus on <\/strong><br><strong>success<\/strong><\/h3>\n<\/div>\n\n\n\n<div class=\"wp-block-column is-layout-flow wp-block-column-is-layout-flow\">\n<p class=\"has-text-align-left\" style=\"font-size:100px;line-height:1\"><strong>02<\/strong><\/p>\n\n\n\n<h3 class=\"wp-block-heading has-text-align-left has-custom-yellow-color has-text-color has-large-font-size\"><strong>Deliver WOW experiences<\/strong><\/h3>\n<\/div>\n\n\n\n<div class=\"wp-block-column is-layout-flow wp-block-column-is-layout-flow\">\n<p class=\"has-text-align-left\" style=\"font-size:100px;line-height:1\"><strong>03<\/strong><\/p>\n\n\n\n<h3 class=\"wp-block-heading has-text-align-left has-custom-yellow-color has-text-color has-large-font-size\"><strong>Honesty &amp; Transparency<\/strong><\/h3>\n<\/div>\n\n\n\n<div class=\"wp-block-column is-layout-flow wp-block-column-is-layout-flow\">\n<p class=\"has-text-align-left\" style=\"font-size:100px;line-height:1\"><strong>04<\/strong><\/p>\n\n\n\n<h3 class=\"wp-block-heading has-text-align-left has-custom-yellow-color has-text-color has-large-font-size\"><strong>Data driven Decision Making<\/strong><\/h3>\n<\/div>\n<\/div>\n\n\n\n<p><a href=\"https:\/\/iqs.digital\/sk\/digital-marketing-agency\/\"><\/a><\/p>\n<\/div>\n<\/div><\/div>\n\n\n\n<div class=\"wp-block-group is-layout-constrained wp-block-group-is-layout-constrained\">\n<h2 class=\"wp-block-heading\"><strong>Open positions<\/strong><\/h2>\n\n\n\n<h4 class=\"wp-block-heading\"><a href=\"https:\/\/iqs.digital\/careers\/mid-level-wordpress-developer\/\">WordPress Developer<\/a><\/h4>\n\n\n\n<h4 class=\"wp-block-heading\"><a href=\"https:\/\/iqs.digital\/careers\/mid-level-ppc-manager\/\">PPC Manager<\/a><\/h4>\n\n\n\n<h4 class=\"wp-block-heading\"><a href=\"https:\/\/iqs.digital\/careers\/marketing-automation-manager\/\">Marketing Automation Manager<\/a><\/h4>\n\n\n\n<h4 class=\"wp-block-heading\"><a href=\"https:\/\/iqs.digital\/careers\/ppc-media-buyer\/\">PPC Media Buyer<\/a><\/h4>\n\n\n\n<div style=\"height:50px\" aria-hidden=\"true\" class=\"wp-block-spacer\"><\/div>\n<\/div>\n","protected":false},"excerpt":{"rendered":"<p>Working at IQs Digital Looking for a 100% remote-based job with people who value good energy above all? Look no further, you are at the right place. We are a small digital marketing agency with huge ambitions. We can guarantee you constant career improvement through fun projects where you&#8217;ll always learn something new. If you [&hellip;]<\/p>\n","protected":false},"author":1,"featured_media":0,"parent":0,"menu_order":0,"comment_status":"closed","ping_status":"closed","template":"","meta":{"footnotes":""},"class_list":["post-4064","page","type-page","status-publish","hentry"],"yoast_head":"<!-- This site is optimized with the Yoast SEO plugin v27.3 - https:\/\/yoast.com\/product\/yoast-seo-wordpress\/ -->\n<title>Careers - IQs Digital<\/title>\n<meta name=\"robots\" content=\"index, follow, max-snippet:-1, max-image-preview:large, max-video-preview:-1\" \/>\n<link rel=\"canonical\" href=\"https:\/\/iqs.digital\/sk\/careers\/\" \/>\n<meta property=\"og:locale\" content=\"sk_SK\" \/>\n<meta property=\"og:type\" content=\"article\" \/>\n<meta property=\"og:title\" content=\"Careers - IQs Digital\" \/>\n<meta property=\"og:description\" content=\"Working at IQs Digital Looking for a 100% remote-based job with people who value good energy above all? Look no further, you are at the right place. We are a small digital marketing agency with huge ambitions. We can guarantee you constant career improvement through fun projects where you&#8217;ll always learn something new. If you [&hellip;]\" \/>\n<meta property=\"og:url\" content=\"https:\/\/iqs.digital\/sk\/careers\/\" \/>\n<meta property=\"og:site_name\" content=\"IQs Digital\" \/>\n<meta property=\"og:image\" content=\"https:\/\/iqs.digital\/wp-content\/uploads\/2022\/10\/General.jpg\" \/>\n\t<meta property=\"og:image:width\" content=\"1200\" \/>\n\t<meta property=\"og:image:height\" content=\"627\" \/>\n\t<meta property=\"og:image:type\" content=\"image\/jpeg\" \/>\n<meta name=\"twitter:card\" content=\"summary_large_image\" \/>\n<meta name=\"twitter:label1\" content=\"Predpokladan\u00fd \u010das \u010d\u00edtania\" \/>\n\t<meta name=\"twitter:data1\" content=\"1 min\u00fata\" \/>\n<script type=\"application\/ld+json\" class=\"yoast-schema-graph\">{\"@context\":\"https:\\\/\\\/schema.org\",\"@graph\":[{\"@type\":\"WebPage\",\"@id\":\"https:\\\/\\\/iqs.digital\\\/sk\\\/careers\\\/\",\"url\":\"https:\\\/\\\/iqs.digital\\\/sk\\\/careers\\\/\",\"name\":\"Careers - IQs Digital\",\"isPartOf\":{\"@id\":\"https:\\\/\\\/iqs.digital\\\/sk\\\/#website\"},\"datePublished\":\"2023-05-09T19:30:41+00:00\",\"breadcrumb\":{\"@id\":\"https:\\\/\\\/iqs.digital\\\/sk\\\/careers\\\/#breadcrumb\"},\"inLanguage\":\"sk-SK\",\"potentialAction\":[{\"@type\":\"ReadAction\",\"target\":[\"https:\\\/\\\/iqs.digital\\\/sk\\\/careers\\\/\"]}]},{\"@type\":\"BreadcrumbList\",\"@id\":\"https:\\\/\\\/iqs.digital\\\/sk\\\/careers\\\/#breadcrumb\",\"itemListElement\":[{\"@type\":\"ListItem\",\"position\":1,\"name\":\"Home\",\"item\":\"https:\\\/\\\/iqs.digital\\\/sk\\\/\"},{\"@type\":\"ListItem\",\"position\":2,\"name\":\"Careers\"}]},{\"@type\":\"WebSite\",\"@id\":\"https:\\\/\\\/iqs.digital\\\/sk\\\/#website\",\"url\":\"https:\\\/\\\/iqs.digital\\\/sk\\\/\",\"name\":\"IQs Digital\",\"description\":\"Google Ads and conversion rate optimization agency.\",\"publisher\":{\"@id\":\"https:\\\/\\\/iqs.digital\\\/sk\\\/#organization\"},\"potentialAction\":[{\"@type\":\"SearchAction\",\"target\":{\"@type\":\"EntryPoint\",\"urlTemplate\":\"https:\\\/\\\/iqs.digital\\\/sk\\\/?s={search_term_string}\"},\"query-input\":{\"@type\":\"PropertyValueSpecification\",\"valueRequired\":true,\"valueName\":\"search_term_string\"}}],\"inLanguage\":\"sk-SK\"},{\"@type\":\"Organization\",\"@id\":\"https:\\\/\\\/iqs.digital\\\/sk\\\/#organization\",\"name\":\"IQs Digital\",\"url\":\"https:\\\/\\\/iqs.digital\\\/sk\\\/\",\"logo\":{\"@type\":\"ImageObject\",\"inLanguage\":\"sk-SK\",\"@id\":\"https:\\\/\\\/iqs.digital\\\/sk\\\/#\\\/schema\\\/logo\\\/image\\\/\",\"url\":\"https:\\\/\\\/iqs.digital\\\/wp-content\\\/uploads\\\/2022\\\/10\\\/General.jpg\",\"contentUrl\":\"https:\\\/\\\/iqs.digital\\\/wp-content\\\/uploads\\\/2022\\\/10\\\/General.jpg\",\"width\":1200,\"height\":627,\"caption\":\"IQs Digital\"},\"image\":{\"@id\":\"https:\\\/\\\/iqs.digital\\\/sk\\\/#\\\/schema\\\/logo\\\/image\\\/\"}}]}<\/script>\n<!-- \/ Yoast SEO plugin. -->","yoast_head_json":{"title":"Careers - IQs Digital","robots":{"index":"index","follow":"follow","max-snippet":"max-snippet:-1","max-image-preview":"max-image-preview:large","max-video-preview":"max-video-preview:-1"},"canonical":"https:\/\/iqs.digital\/sk\/careers\/","og_locale":"sk_SK","og_type":"article","og_title":"Careers - IQs Digital","og_description":"Working at IQs Digital Looking for a 100% remote-based job with people who value good energy above all? Look no further, you are at the right place. We are a small digital marketing agency with huge ambitions. We can guarantee you constant career improvement through fun projects where you&#8217;ll always learn something new. If you [&hellip;]","og_url":"https:\/\/iqs.digital\/sk\/careers\/","og_site_name":"IQs Digital","og_image":[{"width":1200,"height":627,"url":"https:\/\/iqs.digital\/wp-content\/uploads\/2022\/10\/General.jpg","type":"image\/jpeg"}],"twitter_card":"summary_large_image","twitter_misc":{"Predpokladan\u00fd \u010das \u010d\u00edtania":"1 min\u00fata"},"schema":{"@context":"https:\/\/schema.org","@graph":[{"@type":"WebPage","@id":"https:\/\/iqs.digital\/sk\/careers\/","url":"https:\/\/iqs.digital\/sk\/careers\/","name":"Careers - IQs Digital","isPartOf":{"@id":"https:\/\/iqs.digital\/sk\/#website"},"datePublished":"2023-05-09T19:30:41+00:00","breadcrumb":{"@id":"https:\/\/iqs.digital\/sk\/careers\/#breadcrumb"},"inLanguage":"sk-SK","potentialAction":[{"@type":"ReadAction","target":["https:\/\/iqs.digital\/sk\/careers\/"]}]},{"@type":"BreadcrumbList","@id":"https:\/\/iqs.digital\/sk\/careers\/#breadcrumb","itemListElement":[{"@type":"ListItem","position":1,"name":"Home","item":"https:\/\/iqs.digital\/sk\/"},{"@type":"ListItem","position":2,"name":"Careers"}]},{"@type":"WebSite","@id":"https:\/\/iqs.digital\/sk\/#website","url":"https:\/\/iqs.digital\/sk\/","name":"IQs Digital","description":"Google Ads and conversion rate optimization agency.","publisher":{"@id":"https:\/\/iqs.digital\/sk\/#organization"},"potentialAction":[{"@type":"SearchAction","target":{"@type":"EntryPoint","urlTemplate":"https:\/\/iqs.digital\/sk\/?s={search_term_string}"},"query-input":{"@type":"PropertyValueSpecification","valueRequired":true,"valueName":"search_term_string"}}],"inLanguage":"sk-SK"},{"@type":"Organization","@id":"https:\/\/iqs.digital\/sk\/#organization","name":"IQs Digital","url":"https:\/\/iqs.digital\/sk\/","logo":{"@type":"ImageObject","inLanguage":"sk-SK","@id":"https:\/\/iqs.digital\/sk\/#\/schema\/logo\/image\/","url":"https:\/\/iqs.digital\/wp-content\/uploads\/2022\/10\/General.jpg","contentUrl":"https:\/\/iqs.digital\/wp-content\/uploads\/2022\/10\/General.jpg","width":1200,"height":627,"caption":"IQs Digital"},"image":{"@id":"https:\/\/iqs.digital\/sk\/#\/schema\/logo\/image\/"}}]}},"_links":{"self":[{"href":"https:\/\/iqs.digital\/sk\/wp-json\/wp\/v2\/pages\/4064","targetHints":{"allow":["GET"]}}],"collection":[{"href":"https:\/\/iqs.digital\/sk\/wp-json\/wp\/v2\/pages"}],"about":[{"href":"https:\/\/iqs.digital\/sk\/wp-json\/wp\/v2\/types\/page"}],"author":[{"embeddable":true,"href":"https:\/\/iqs.digital\/sk\/wp-json\/wp\/v2\/users\/1"}],"replies":[{"embeddable":true,"href":"https:\/\/iqs.digital\/sk\/wp-json\/wp\/v2\/comments?post=4064"}],"version-history":[{"count":0,"href":"https:\/\/iqs.digital\/sk\/wp-json\/wp\/v2\/pages\/4064\/revisions"}],"wp:attachment":[{"href":"https:\/\/iqs.digital\/sk\/wp-json\/wp\/v2\/media?parent=4064"}],"curies":[{"name":"wp","href":"https:\/\/api.w.org\/{rel}","templated":true}]}}