{"id":4063,"date":"2022-07-08T09:43:34","date_gmt":"2022-07-08T08:43:34","guid":{"rendered":"https:\/\/iqs.digital\/saas-digital-marketing-case-study\/"},"modified":"2023-08-13T10:22:33","modified_gmt":"2023-08-13T09:22:33","slug":"marketingova-strategia-pre-saas-pripadova-studia","status":"publish","type":"page","link":"https:\/\/iqs.digital\/sk\/marketingova-strategia-pre-saas-pripadova-studia\/","title":{"rendered":"Marketingov\u00e1 strat\u00e9gia pre SaaS pr\u00edpadov\u00e1 \u0161t\u00fadia"},"content":{"rendered":"\n<h1 class=\"wp-block-heading has-text-align-center big-title\" style=\"margin-top:var(--wp--preset--spacing--50)\"><strong>Marketingov\u00e1 strat\u00e9gia pre SaaS<\/strong> pr\u00edpadov\u00e1 \u0161t\u00fadia<\/h1>\n\n\n\n<div class=\"wp-block-group is-layout-constrained wp-container-core-group-is-layout-c2c49a0c wp-block-group-is-layout-constrained\">\n<h2 class=\"wp-block-heading has-x-large-font-size\"><strong>Probl\u00e9my<\/strong><\/h2>\n\n\n\n<p>N\u00e1\u0161 klient mal probl\u00e9my s generovan\u00edm nov\u00fdch potenci\u00e1lnych z\u00e1kazn\u00edkov a pri z\u00edskavan\u00ed nov\u00fdch potenci\u00e1lnych z\u00e1kazn\u00edkov sa spoliehal v\u00fdlu\u010dne na svoje existuj\u00face siete a partnerov. Digit\u00e1lna reput\u00e1cia klienta prakticky neexistovala, soci\u00e1lne siete boli bez ak\u00fdchko\u013evek pr\u00edspevkov, neexistovali sp\u00e4tn\u00e9 odkazy na webov\u00fa str\u00e1nku, firemn\u00fd profil v Google nebol aktivovan\u00fd a samotn\u00e1 webov\u00e1 str\u00e1nka mala mnoho probl\u00e9mov.<\/p>\n\n\n\n<h2 class=\"wp-block-heading has-x-large-font-size\"><strong>Ciele<\/strong><\/h2>\n\n\n\n<p>Boli sme najat\u00ed na pl\u00e1novanie digit\u00e1lnej marketingovej strat\u00e9gie a jej realiz\u00e1ciu. Pokia\u013e ide o marketingov\u00e9 aktivity, mali sme tri hlavn\u00e9 ciele:<\/p>\n\n\n\n<ol class=\"wp-block-list\">\n<li>Formulovanie komplexnej digit\u00e1lnej marketingovej strat\u00e9gie pre efekt\u00edvne generovanie potenci\u00e1lnych z\u00e1kazn\u00edkov B2B<\/li>\n\n\n\n<li>Pl\u00e1novanie a realiz\u00e1cia opatren\u00ed na zv\u00fd\u0161enie d\u00f4veryhodnosti zna\u010dky klienta online<\/li>\n\n\n\n<li>Skr\u00e1ti\u0165 predajn\u00fd cyklus zaveden\u00edm retargetingu a kampan\u00ed drip e-mailov\u00e9ho marketingu<\/li>\n<\/ol>\n\n\n\n<h2 class=\"wp-block-heading has-x-large-font-size\"><strong>V\u00fdskum<\/strong><\/h2>\n\n\n\n<p>V \u00fazkej spolupr\u00e1ci s obchodn\u00fdm t\u00edmom klienta sme definovali cie\u013eov\u00fa skupinu. Dospeli sme k tabu\u013eke v programe Excel, ktor\u00e1 popisuje k\u013e\u00fa\u010dov\u00e9 demografick\u00e9 \u00fadaje, k\u013e\u00fa\u010dov\u00e9 psychografick\u00e9 \u00fadaje, ot\u00e1zky, naj\u010dastej\u0161ie n\u00e1mietky, v\u00fdzvy a preferovan\u00e9 kontaktn\u00e9 kan\u00e1ly.<\/p>\n\n\n\n<h2 class=\"wp-block-heading has-x-large-font-size\"><strong>Povedomie o zna\u010dke<\/strong><\/h2>\n\n\n\n<p>Jedn\u00fdm z k\u013e\u00fa\u010dov\u00fdch prvkov digit\u00e1lnej marketingovej strat\u00e9gie bolo pl\u00e1novanie, realiz\u00e1cia a zlep\u0161ovanie kampan\u00ed na zv\u00fd\u0161enie povedomia o zna\u010dke. Starostlivo sme pripravili kampane vo vyh\u013ead\u00e1va\u010doch a reklamu v soci\u00e1lnych m\u00e9di\u00e1ch pod\u013ea vopred definovanej cie\u013eovej skupiny.<\/p>\n\n\n\n<h2 class=\"wp-block-heading has-x-large-font-size\"><strong>Optimaliz\u00e1cia miery konverzie<\/strong><\/h2>\n\n\n\n<p>Hne\u010f ako sme spustili v\u0161etky kampane na zv\u00fd\u0161enie povedomia o zna\u010dke. Na\u0161\u00edm hlavn\u00fdm cie\u013eom bolo zisti\u0165, ako m\u00f4\u017eeme zlep\u0161i\u0165 mieru konverzie na webovej str\u00e1nke. To si vy\u017eadovalo rozsiahle analytick\u00e9 myslenie a z\u00edskanie spr\u00e1vnych inform\u00e1ci\u00ed z metr\u00edk webovej str\u00e1nky. So spr\u00e1vnymi inform\u00e1ciami v ruke sme mohli pr\u00eds\u0165 s n\u00e1vrhmi na zlep\u0161enie pozd\u013a\u017e celej cesty z\u00e1kazn\u00edka.<\/p>\n\n\n\n<h2 class=\"wp-block-heading has-x-large-font-size\"><strong>Starostlivos\u0165 o potenci\u00e1lnych z\u00e1kazn\u00edkov<\/strong><\/h2>\n\n\n\n<p>Klient \u010delil dlh\u0161iemu predajn\u00e9mu cyklu, ktor\u00fd je pre spolo\u010dnosti zalo\u017een\u00e9 na B2B celkom be\u017en\u00fd, tak\u017ee k\u013e\u00fa\u010dov\u00fa \u00falohu zohr\u00e1vala starostlivos\u0165 o potenci\u00e1lnych z\u00e1kazn\u00edkov.<\/p>\n\n\n\n<p>Hlavn\u00fdm cie\u013eom strat\u00e9gie lead nurturing bolo vytvorenie d\u00f4very zna\u010dky medzi generovan\u00fdmi potenci\u00e1lnymi klientmi. Aby sme klientovi pomohli bojova\u0165 s dlh\u00fdm predajn\u00fdm cyklom, pou\u017eili sme retargeting na soci\u00e1lnych sie\u0165ach a kvapkov\u00e9 e-mailov\u00e9 kampane.<\/p>\n\n\n\n<p>Poskytovan\u00edm u\u017eito\u010dn\u00e9ho obsahu prostredn\u00edctvom retargetingov\u00fdch a kvapkov\u00fdch kampan\u00ed sa n\u00e1m podarilo umiestni\u0165 n\u00e1\u0161ho klienta ako l\u00eddra v odvetv\u00ed. Kone\u010dn\u00fdm v\u00fdsledkom bolo skr\u00e1tenie predajn\u00e9ho cyklu a jednoduch\u0161ie uzatv\u00e1ranie obchodn\u00fdm t\u00edmom.<\/p>\n\n\n\n<h2 class=\"wp-block-heading\"><strong>V\u00fdsledky<\/strong><\/h2>\n<\/div>\n\n\n\n<div class=\"wp-block-group is-layout-constrained wp-container-core-group-is-layout-c863e0dd wp-block-group-is-layout-constrained\">\n<div class=\"wp-block-columns is-layout-flex wp-container-core-columns-is-layout-28f84493 wp-block-columns-is-layout-flex\">\n<div class=\"wp-block-column is-layout-flow wp-block-column-is-layout-flow\">\n<h3 class=\"wp-block-heading has-large-font-size\"><strong>237%<\/strong><\/h3>\n\n\n\n<p>Zv\u00fd\u0161enie n\u00e1v\u0161tevnosti<\/p>\n<\/div>\n\n\n\n<div class=\"wp-block-column is-layout-flow wp-block-column-is-layout-flow\">\n<h3 class=\"wp-block-heading has-large-font-size\"><strong>47.53$<\/strong><\/h3>\n\n\n\n<p>Cena za konverziu<\/p>\n<\/div>\n\n\n\n<div class=\"wp-block-column is-layout-flow wp-block-column-is-layout-flow\">\n<h3 class=\"wp-block-heading has-large-font-size\"><strong>57<\/strong><\/h3>\n\n\n\n<p>Nov\u00ed potenci\u00e1lni klienti za mesiac<\/p>\n<\/div>\n\n\n\n<div class=\"wp-block-column is-layout-flow wp-block-column-is-layout-flow\">\n<h3 class=\"wp-block-heading has-large-font-size\"><strong>31%<\/strong><\/h3>\n\n\n\n<p>Skr\u00e1tenie \u010dasu predajn\u00e9ho cyklu<\/p>\n<\/div>\n\n\n\n<div class=\"wp-block-column is-layout-flow wp-block-column-is-layout-flow\">\n<h3 class=\"wp-block-heading has-large-font-size\"><strong>23.4%<\/strong><\/h3>\n\n\n\n<p>Zv\u00fd\u0161en\u00e9 pr\u00edjmy<\/p>\n<\/div>\n<\/div>\n<\/div>\n\n\n\n<div style=\"height:30px\" aria-hidden=\"true\" class=\"wp-block-spacer\"><\/div>\n\n\n\n<div class=\"wp-block-group is-layout-constrained wp-block-group-is-layout-constrained\">\n<h2 class=\"wp-block-heading has-x-large-font-size\"><strong>You may also like<\/strong><\/h2>\n\n\n\n<div class=\"wp-block-media-text is-stacked-on-mobile\"><figure class=\"wp-block-media-text__media\"><a href=\"https:\/\/iqs.digital\/digital-marketing-for-saas-companies\/\"><img loading=\"lazy\" decoding=\"async\" width=\"1024\" height=\"535\" src=\"https:\/\/iqs.digital\/wp-content\/uploads\/2022\/11\/The-ultimate-digital-marketing-guide-for-SaaS-companies-for-2023-1024x535.jpg\" alt=\"The ultimate digital marketing guide for SaaS companies for 2023\" class=\"wp-image-2626 size-full\" srcset=\"https:\/\/iqs.digital\/wp-content\/uploads\/2022\/11\/The-ultimate-digital-marketing-guide-for-SaaS-companies-for-2023-1024x535.jpg 1024w, https:\/\/iqs.digital\/wp-content\/uploads\/2022\/11\/The-ultimate-digital-marketing-guide-for-SaaS-companies-for-2023-300x157.jpg 300w, https:\/\/iqs.digital\/wp-content\/uploads\/2022\/11\/The-ultimate-digital-marketing-guide-for-SaaS-companies-for-2023-768x401.jpg 768w, https:\/\/iqs.digital\/wp-content\/uploads\/2022\/11\/The-ultimate-digital-marketing-guide-for-SaaS-companies-for-2023.jpg 1200w\" sizes=\"auto, (max-width: 1024px) 100vw, 1024px\" \/><\/a><\/figure><div class=\"wp-block-media-text__content\">\n<h4 class=\"wp-block-heading has-large-font-size\"><strong><a href=\"https:\/\/iqs.digital\/digital-marketing-for-saas-companies\/\">The ultimate digital marketing guide for SaaS companies for 2023<\/a><\/strong><\/h4>\n<\/div><\/div>\n<\/div>\n\n\n\n<div style=\"height:30px\" aria-hidden=\"true\" class=\"wp-block-spacer\"><\/div>\n","protected":false},"excerpt":{"rendered":"<p>Marketingov\u00e1 strat\u00e9gia pre SaaS pr\u00edpadov\u00e1 \u0161t\u00fadia Probl\u00e9my N\u00e1\u0161 klient mal probl\u00e9my s generovan\u00edm nov\u00fdch potenci\u00e1lnych z\u00e1kazn\u00edkov a pri z\u00edskavan\u00ed nov\u00fdch potenci\u00e1lnych z\u00e1kazn\u00edkov sa spoliehal v\u00fdlu\u010dne na svoje existuj\u00face siete a partnerov. Digit\u00e1lna reput\u00e1cia klienta prakticky neexistovala, soci\u00e1lne siete boli bez ak\u00fdchko\u013evek pr\u00edspevkov, neexistovali sp\u00e4tn\u00e9 odkazy na webov\u00fa str\u00e1nku, firemn\u00fd profil v Google nebol aktivovan\u00fd a [&hellip;]<\/p>\n","protected":false},"author":1,"featured_media":3906,"parent":0,"menu_order":0,"comment_status":"closed","ping_status":"closed","template":"","meta":{"footnotes":""},"class_list":["post-4063","page","type-page","status-publish","has-post-thumbnail","hentry"],"yoast_head":"<!-- This site is optimized with the Yoast SEO plugin v27.3 - https:\/\/yoast.com\/product\/yoast-seo-wordpress\/ -->\n<title>Marketingov\u00e1 strat\u00e9gia pre SaaS pr\u00edpadov\u00e1 \u0161t\u00fadia - IQs Digital<\/title>\n<meta name=\"description\" content=\"237% zv\u00fd\u0161enie n\u00e1v\u0161tevnosti, 47$ cena za konverziu, 31% skr\u00e1tenie \u010dasu predajn\u00e9ho cyklu, a mnoho \u010fal\u0161ieho... Marketingov\u00e1 strat\u00e9gia pre SaaS\" \/>\n<meta name=\"robots\" content=\"index, follow, max-snippet:-1, max-image-preview:large, max-video-preview:-1\" \/>\n<link rel=\"canonical\" href=\"https:\/\/iqs.digital\/sk\/marketingova-strategia-pre-saas-pripadova-studia\/\" \/>\n<meta property=\"og:locale\" content=\"sk_SK\" \/>\n<meta property=\"og:type\" content=\"article\" \/>\n<meta property=\"og:title\" content=\"Marketingov\u00e1 strat\u00e9gia pre SaaS pr\u00edpadov\u00e1 \u0161t\u00fadia - IQs Digital\" \/>\n<meta property=\"og:description\" content=\"237% zv\u00fd\u0161enie n\u00e1v\u0161tevnosti, 47$ cena za konverziu, 31% skr\u00e1tenie \u010dasu predajn\u00e9ho cyklu, a mnoho \u010fal\u0161ieho... Marketingov\u00e1 strat\u00e9gia pre SaaS\" \/>\n<meta property=\"og:url\" content=\"https:\/\/iqs.digital\/sk\/marketingova-strategia-pre-saas-pripadova-studia\/\" \/>\n<meta property=\"og:site_name\" content=\"IQs Digital\" \/>\n<meta property=\"article:modified_time\" content=\"2023-08-13T09:22:33+00:00\" \/>\n<meta property=\"og:image\" content=\"https:\/\/iqs.digital\/wp-content\/uploads\/2022\/10\/General.jpg\" \/>\n\t<meta property=\"og:image:width\" content=\"1200\" \/>\n\t<meta property=\"og:image:height\" content=\"627\" \/>\n\t<meta property=\"og:image:type\" content=\"image\/jpeg\" \/>\n<meta name=\"twitter:card\" content=\"summary_large_image\" \/>\n<meta name=\"twitter:label1\" content=\"Predpokladan\u00fd \u010das \u010d\u00edtania\" \/>\n\t<meta name=\"twitter:data1\" content=\"2 min\u00faty\" \/>\n<script type=\"application\/ld+json\" class=\"yoast-schema-graph\">{\"@context\":\"https:\\\/\\\/schema.org\",\"@graph\":[{\"@type\":\"WebPage\",\"@id\":\"https:\\\/\\\/iqs.digital\\\/sk\\\/marketingova-strategia-pre-saas-pripadova-studia\\\/\",\"url\":\"https:\\\/\\\/iqs.digital\\\/sk\\\/marketingova-strategia-pre-saas-pripadova-studia\\\/\",\"name\":\"Marketingov\u00e1 strat\u00e9gia pre SaaS pr\u00edpadov\u00e1 \u0161t\u00fadia - IQs Digital\",\"isPartOf\":{\"@id\":\"https:\\\/\\\/iqs.digital\\\/sk\\\/#website\"},\"primaryImageOfPage\":{\"@id\":\"https:\\\/\\\/iqs.digital\\\/sk\\\/marketingova-strategia-pre-saas-pripadova-studia\\\/#primaryimage\"},\"image\":{\"@id\":\"https:\\\/\\\/iqs.digital\\\/sk\\\/marketingova-strategia-pre-saas-pripadova-studia\\\/#primaryimage\"},\"thumbnailUrl\":\"https:\\\/\\\/iqs.digital\\\/wp-content\\\/uploads\\\/2022\\\/10\\\/General.jpg\",\"datePublished\":\"2022-07-08T08:43:34+00:00\",\"dateModified\":\"2023-08-13T09:22:33+00:00\",\"description\":\"237% zv\u00fd\u0161enie n\u00e1v\u0161tevnosti, 47$ cena za konverziu, 31% skr\u00e1tenie \u010dasu predajn\u00e9ho cyklu, a mnoho \u010fal\u0161ieho... Marketingov\u00e1 strat\u00e9gia pre SaaS\",\"breadcrumb\":{\"@id\":\"https:\\\/\\\/iqs.digital\\\/sk\\\/marketingova-strategia-pre-saas-pripadova-studia\\\/#breadcrumb\"},\"inLanguage\":\"sk-SK\",\"potentialAction\":[{\"@type\":\"ReadAction\",\"target\":[\"https:\\\/\\\/iqs.digital\\\/sk\\\/marketingova-strategia-pre-saas-pripadova-studia\\\/\"]}]},{\"@type\":\"ImageObject\",\"inLanguage\":\"sk-SK\",\"@id\":\"https:\\\/\\\/iqs.digital\\\/sk\\\/marketingova-strategia-pre-saas-pripadova-studia\\\/#primaryimage\",\"url\":\"https:\\\/\\\/iqs.digital\\\/wp-content\\\/uploads\\\/2022\\\/10\\\/General.jpg\",\"contentUrl\":\"https:\\\/\\\/iqs.digital\\\/wp-content\\\/uploads\\\/2022\\\/10\\\/General.jpg\",\"width\":1200,\"height\":627},{\"@type\":\"BreadcrumbList\",\"@id\":\"https:\\\/\\\/iqs.digital\\\/sk\\\/marketingova-strategia-pre-saas-pripadova-studia\\\/#breadcrumb\",\"itemListElement\":[{\"@type\":\"ListItem\",\"position\":1,\"name\":\"Home\",\"item\":\"https:\\\/\\\/iqs.digital\\\/sk\\\/\"},{\"@type\":\"ListItem\",\"position\":2,\"name\":\"Marketingov\u00e1 strat\u00e9gia pre SaaS pr\u00edpadov\u00e1 \u0161t\u00fadia\"}]},{\"@type\":\"WebSite\",\"@id\":\"https:\\\/\\\/iqs.digital\\\/sk\\\/#website\",\"url\":\"https:\\\/\\\/iqs.digital\\\/sk\\\/\",\"name\":\"IQs Digital\",\"description\":\"Google Ads and conversion rate optimization agency.\",\"publisher\":{\"@id\":\"https:\\\/\\\/iqs.digital\\\/sk\\\/#organization\"},\"potentialAction\":[{\"@type\":\"SearchAction\",\"target\":{\"@type\":\"EntryPoint\",\"urlTemplate\":\"https:\\\/\\\/iqs.digital\\\/sk\\\/?s={search_term_string}\"},\"query-input\":{\"@type\":\"PropertyValueSpecification\",\"valueRequired\":true,\"valueName\":\"search_term_string\"}}],\"inLanguage\":\"sk-SK\"},{\"@type\":\"Organization\",\"@id\":\"https:\\\/\\\/iqs.digital\\\/sk\\\/#organization\",\"name\":\"IQs Digital\",\"url\":\"https:\\\/\\\/iqs.digital\\\/sk\\\/\",\"logo\":{\"@type\":\"ImageObject\",\"inLanguage\":\"sk-SK\",\"@id\":\"https:\\\/\\\/iqs.digital\\\/sk\\\/#\\\/schema\\\/logo\\\/image\\\/\",\"url\":\"https:\\\/\\\/iqs.digital\\\/wp-content\\\/uploads\\\/2022\\\/10\\\/General.jpg\",\"contentUrl\":\"https:\\\/\\\/iqs.digital\\\/wp-content\\\/uploads\\\/2022\\\/10\\\/General.jpg\",\"width\":1200,\"height\":627,\"caption\":\"IQs Digital\"},\"image\":{\"@id\":\"https:\\\/\\\/iqs.digital\\\/sk\\\/#\\\/schema\\\/logo\\\/image\\\/\"}}]}<\/script>\n<!-- \/ Yoast SEO plugin. -->","yoast_head_json":{"title":"Marketingov\u00e1 strat\u00e9gia pre SaaS pr\u00edpadov\u00e1 \u0161t\u00fadia - IQs Digital","description":"237% zv\u00fd\u0161enie n\u00e1v\u0161tevnosti, 47$ cena za konverziu, 31% skr\u00e1tenie \u010dasu predajn\u00e9ho cyklu, a mnoho \u010fal\u0161ieho... Marketingov\u00e1 strat\u00e9gia pre SaaS","robots":{"index":"index","follow":"follow","max-snippet":"max-snippet:-1","max-image-preview":"max-image-preview:large","max-video-preview":"max-video-preview:-1"},"canonical":"https:\/\/iqs.digital\/sk\/marketingova-strategia-pre-saas-pripadova-studia\/","og_locale":"sk_SK","og_type":"article","og_title":"Marketingov\u00e1 strat\u00e9gia pre SaaS pr\u00edpadov\u00e1 \u0161t\u00fadia - IQs Digital","og_description":"237% zv\u00fd\u0161enie n\u00e1v\u0161tevnosti, 47$ cena za konverziu, 31% skr\u00e1tenie \u010dasu predajn\u00e9ho cyklu, a mnoho \u010fal\u0161ieho... Marketingov\u00e1 strat\u00e9gia pre SaaS","og_url":"https:\/\/iqs.digital\/sk\/marketingova-strategia-pre-saas-pripadova-studia\/","og_site_name":"IQs Digital","article_modified_time":"2023-08-13T09:22:33+00:00","og_image":[{"width":1200,"height":627,"url":"https:\/\/iqs.digital\/wp-content\/uploads\/2022\/10\/General.jpg","type":"image\/jpeg"}],"twitter_card":"summary_large_image","twitter_misc":{"Predpokladan\u00fd \u010das \u010d\u00edtania":"2 min\u00faty"},"schema":{"@context":"https:\/\/schema.org","@graph":[{"@type":"WebPage","@id":"https:\/\/iqs.digital\/sk\/marketingova-strategia-pre-saas-pripadova-studia\/","url":"https:\/\/iqs.digital\/sk\/marketingova-strategia-pre-saas-pripadova-studia\/","name":"Marketingov\u00e1 strat\u00e9gia pre SaaS pr\u00edpadov\u00e1 \u0161t\u00fadia - IQs Digital","isPartOf":{"@id":"https:\/\/iqs.digital\/sk\/#website"},"primaryImageOfPage":{"@id":"https:\/\/iqs.digital\/sk\/marketingova-strategia-pre-saas-pripadova-studia\/#primaryimage"},"image":{"@id":"https:\/\/iqs.digital\/sk\/marketingova-strategia-pre-saas-pripadova-studia\/#primaryimage"},"thumbnailUrl":"https:\/\/iqs.digital\/wp-content\/uploads\/2022\/10\/General.jpg","datePublished":"2022-07-08T08:43:34+00:00","dateModified":"2023-08-13T09:22:33+00:00","description":"237% zv\u00fd\u0161enie n\u00e1v\u0161tevnosti, 47$ cena za konverziu, 31% skr\u00e1tenie \u010dasu predajn\u00e9ho cyklu, a mnoho \u010fal\u0161ieho... Marketingov\u00e1 strat\u00e9gia pre SaaS","breadcrumb":{"@id":"https:\/\/iqs.digital\/sk\/marketingova-strategia-pre-saas-pripadova-studia\/#breadcrumb"},"inLanguage":"sk-SK","potentialAction":[{"@type":"ReadAction","target":["https:\/\/iqs.digital\/sk\/marketingova-strategia-pre-saas-pripadova-studia\/"]}]},{"@type":"ImageObject","inLanguage":"sk-SK","@id":"https:\/\/iqs.digital\/sk\/marketingova-strategia-pre-saas-pripadova-studia\/#primaryimage","url":"https:\/\/iqs.digital\/wp-content\/uploads\/2022\/10\/General.jpg","contentUrl":"https:\/\/iqs.digital\/wp-content\/uploads\/2022\/10\/General.jpg","width":1200,"height":627},{"@type":"BreadcrumbList","@id":"https:\/\/iqs.digital\/sk\/marketingova-strategia-pre-saas-pripadova-studia\/#breadcrumb","itemListElement":[{"@type":"ListItem","position":1,"name":"Home","item":"https:\/\/iqs.digital\/sk\/"},{"@type":"ListItem","position":2,"name":"Marketingov\u00e1 strat\u00e9gia pre SaaS pr\u00edpadov\u00e1 \u0161t\u00fadia"}]},{"@type":"WebSite","@id":"https:\/\/iqs.digital\/sk\/#website","url":"https:\/\/iqs.digital\/sk\/","name":"IQs Digital","description":"Google Ads and conversion rate optimization agency.","publisher":{"@id":"https:\/\/iqs.digital\/sk\/#organization"},"potentialAction":[{"@type":"SearchAction","target":{"@type":"EntryPoint","urlTemplate":"https:\/\/iqs.digital\/sk\/?s={search_term_string}"},"query-input":{"@type":"PropertyValueSpecification","valueRequired":true,"valueName":"search_term_string"}}],"inLanguage":"sk-SK"},{"@type":"Organization","@id":"https:\/\/iqs.digital\/sk\/#organization","name":"IQs Digital","url":"https:\/\/iqs.digital\/sk\/","logo":{"@type":"ImageObject","inLanguage":"sk-SK","@id":"https:\/\/iqs.digital\/sk\/#\/schema\/logo\/image\/","url":"https:\/\/iqs.digital\/wp-content\/uploads\/2022\/10\/General.jpg","contentUrl":"https:\/\/iqs.digital\/wp-content\/uploads\/2022\/10\/General.jpg","width":1200,"height":627,"caption":"IQs Digital"},"image":{"@id":"https:\/\/iqs.digital\/sk\/#\/schema\/logo\/image\/"}}]}},"_links":{"self":[{"href":"https:\/\/iqs.digital\/sk\/wp-json\/wp\/v2\/pages\/4063","targetHints":{"allow":["GET"]}}],"collection":[{"href":"https:\/\/iqs.digital\/sk\/wp-json\/wp\/v2\/pages"}],"about":[{"href":"https:\/\/iqs.digital\/sk\/wp-json\/wp\/v2\/types\/page"}],"author":[{"embeddable":true,"href":"https:\/\/iqs.digital\/sk\/wp-json\/wp\/v2\/users\/1"}],"replies":[{"embeddable":true,"href":"https:\/\/iqs.digital\/sk\/wp-json\/wp\/v2\/comments?post=4063"}],"version-history":[{"count":7,"href":"https:\/\/iqs.digital\/sk\/wp-json\/wp\/v2\/pages\/4063\/revisions"}],"predecessor-version":[{"id":4386,"href":"https:\/\/iqs.digital\/sk\/wp-json\/wp\/v2\/pages\/4063\/revisions\/4386"}],"wp:featuredmedia":[{"embeddable":true,"href":"https:\/\/iqs.digital\/sk\/wp-json\/wp\/v2\/media\/3906"}],"wp:attachment":[{"href":"https:\/\/iqs.digital\/sk\/wp-json\/wp\/v2\/media?parent=4063"}],"curies":[{"name":"wp","href":"https:\/\/api.w.org\/{rel}","templated":true}]}}