{"id":4062,"date":"2022-09-08T08:24:32","date_gmt":"2022-09-08T07:24:32","guid":{"rendered":"https:\/\/iqs.digital\/pay-per-click-marketing\/"},"modified":"2022-09-08T08:24:32","modified_gmt":"2022-09-08T07:24:32","slug":"pay-per-click-marketing","status":"publish","type":"page","link":"https:\/\/iqs.digital\/sk\/pay-per-click-marketing\/","title":{"rendered":"Pay Per Click Marketing Services"},"content":{"rendered":"\n<div class=\"wp-block-cover alignfull\" style=\"padding-bottom:0px\"><span aria-hidden=\"true\" class=\"wp-block-cover__background has-background-dim-100 has-background-dim\" style=\"background-color:#002e48\"><\/span><div class=\"wp-block-cover__inner-container is-layout-flow wp-block-cover-is-layout-flow\">\n<h1 class=\"has-text-align-center has-background-color has-text-color wp-block-heading\" style=\"margin-bottom:0px;font-size:60px\">I Will Help You <strong>Maximize Your ROI<\/strong> from <br><strong>Pay Per Click Marketing <\/strong><\/h1>\n\n\n\n<div style=\"height:20px\" aria-hidden=\"true\" class=\"wp-block-spacer\"><\/div>\n\n\n\n<h2 class=\"has-text-align-center has-text-color has-medium-font-size wp-block-heading\" style=\"color:#c5c5c5\">Are you looking for somebody who will <strong>plan, develop, implement, test, and optimize<\/strong> <br><strong>Pay Per Click Marketing campaigns<\/strong> that <strong>drive increased ROI?<\/strong> <br>If <strong>yes<\/strong>, then <strong>you<\/strong> are at the <strong>right place<\/strong>!<\/h2>\n\n\n\n<div style=\"height:50px\" aria-hidden=\"true\" class=\"wp-block-spacer\"><\/div>\n\n\n\n<div class=\"wp-block-buttons is-content-justification-center is-layout-flex wp-container-core-buttons-is-layout-a89b3969 wp-block-buttons-is-layout-flex\">\n<div class=\"wp-block-button\"><a class=\"wp-block-button__link has-foreground-color has-text-color has-background wp-element-button\" href=\"https:\/\/iqs.digital\/#contact-me\" style=\"border-radius:35px;background-color:#f9ed32\">Hire me!<\/a><\/div>\n<\/div>\n\n\n\n<div style=\"height:60px\" aria-hidden=\"true\" class=\"wp-block-spacer\"><\/div>\n\n\n\n<figure class=\"wp-block-gallery aligncenter has-nested-images columns-8 client-logos wp-block-gallery-1 is-layout-flex wp-block-gallery-is-layout-flex\">\n<figure class=\"wp-block-image size-full\"><img loading=\"lazy\" decoding=\"async\" width=\"198\" height=\"40\" data-id=\"697\" src=\"https:\/\/iqs.digital\/wp-content\/uploads\/2022\/07\/MVGX_Black-removebg-preview-1.png\" alt=\"\" class=\"wp-image-697\"\/><\/figure>\n\n\n\n<figure class=\"wp-block-image size-large\"><img loading=\"lazy\" decoding=\"async\" width=\"135\" height=\"40\" data-id=\"688\" src=\"https:\/\/iqs.digital\/wp-content\/uploads\/2022\/07\/image.png\" alt=\"\" class=\"wp-image-688\"\/><\/figure>\n\n\n\n<figure class=\"wp-block-image size-full\"><img loading=\"lazy\" decoding=\"async\" width=\"157\" height=\"40\" data-id=\"689\" src=\"https:\/\/iqs.digital\/wp-content\/uploads\/2022\/07\/hoozin_about-1-1.png\" alt=\"\" class=\"wp-image-689\"\/><\/figure>\n\n\n\n<figure class=\"wp-block-image size-full\"><img loading=\"lazy\" decoding=\"async\" width=\"100\" height=\"40\" data-id=\"699\" src=\"https:\/\/iqs.digital\/wp-content\/uploads\/2022\/07\/ONwhite-1-1-svg-1.png\" alt=\"\" class=\"wp-image-699\"\/><\/figure>\n\n\n\n<figure class=\"wp-block-image size-large\"><img loading=\"lazy\" decoding=\"async\" width=\"89\" height=\"40\" data-id=\"690\" src=\"https:\/\/iqs.digital\/wp-content\/uploads\/2022\/07\/SafeRE-BW-1.png\" alt=\"\" class=\"wp-image-690\"\/><\/figure>\n\n\n\n<figure class=\"wp-block-image size-full\"><img loading=\"lazy\" decoding=\"async\" width=\"112\" height=\"40\" data-id=\"700\" src=\"https:\/\/iqs.digital\/wp-content\/uploads\/2022\/07\/logo-header-1-svg.png\" alt=\"\" class=\"wp-image-700\"\/><\/figure>\n\n\n\n<figure class=\"wp-block-image size-full\"><img loading=\"lazy\" decoding=\"async\" width=\"213\" height=\"40\" data-id=\"701\" src=\"https:\/\/iqs.digital\/wp-content\/uploads\/2022\/07\/logo-white-svg.png\" alt=\"\" class=\"wp-image-701\"\/><\/figure>\n<\/figure>\n\n\n\n<div style=\"height:20px\" aria-hidden=\"true\" class=\"wp-block-spacer\"><\/div>\n<\/div><\/div>\n\n\n\n<div style=\"height:15px\" aria-hidden=\"true\" class=\"wp-block-spacer\"><\/div>\n\n\n\n<div id=\"my-expertise\" class=\"wp-block-group box has-border-color has-tertiary-background-color has-background is-layout-constrained wp-container-core-group-is-layout-6945f758 wp-block-group-is-layout-constrained\" style=\"border-color:#dddddd;border-style:dashed;border-width:5px;border-radius:36px;padding-top:50px;padding-right:20px;padding-bottom:50px;padding-left:20px\">\n<h2 class=\"has-text-align-center wp-block-heading\">If you are <strong>looking for<\/strong> a <strong>person<\/strong> who will:<\/h2>\n\n\n\n<ul class=\"wp-block-list\">\n<li><strong>Plan and execute a wide range of campaigns<\/strong> throughout the digital marketing funnel, including Google, Facebook, Instagram, Reddit, TikTok, and Pinterest pay per click campaigns. <\/li>\n\n\n\n<li><strong>Develop, implement, test, and optimize pay per click campaigns<\/strong> that drive increased <strong>ROI<\/strong><\/li>\n\n\n\n<li>Develop <strong>cost per acquisition targets<\/strong> based on customer <strong>lifetime value models<\/strong><\/li>\n\n\n\n<li><strong>Manage pay per click strategy<\/strong> in collaboration with the digital team<\/li>\n\n\n\n<li>Develop and implement a<strong>  pay per click<\/strong> <strong>plan including KPIs<\/strong> with recommended goals<\/li>\n\n\n\n<li><strong>Analyze plan performance, identify trends, and implement improvements<\/strong> while quickly reacting to plan deviations<\/li>\n\n\n\n<li><strong>Identify opportunities, threats, and challenges<\/strong> within category and among competition then act accordingly<\/li>\n<\/ul>\n\n\n\n<div class=\"wp-block-buttons is-content-justification-center is-layout-flex wp-container-core-buttons-is-layout-a89b3969 wp-block-buttons-is-layout-flex\">\n<div class=\"wp-block-button white-background\"><a class=\"wp-block-button__link has-foreground-color has-text-color has-background wp-element-button\" href=\"https:\/\/iqs.digital\/#contact-me\" style=\"border-radius:35px;background-color:#f9ed32\"><strong>Hire me!<\/strong><\/a><\/div>\n<\/div>\n<\/div>\n\n\n\n<div style=\"height:40px\" aria-hidden=\"true\" class=\"wp-block-spacer\"><\/div>\n\n\n\n<h2 class=\"has-text-align-center has-text-color has-small-font-size wp-block-heading\" id=\"case-studies\" style=\"color:#626262\"><strong>Why work with me<\/strong><\/h2>\n\n\n\n<h2 class=\"has-text-align-center mt-0 wp-block-heading\">In my <strong>7 years of experience<\/strong> in the web industry, <br>I have <strong>helped 20+ businesses grow<\/strong><\/h2>\n\n\n\n<div class=\"wp-block-group box has-background is-layout-flow wp-block-group-is-layout-flow\" style=\"border-style:none;border-width:0px;border-radius:30px;background-color:#002e48;padding-top:50px;padding-right:25px;padding-bottom:50px;padding-left:25px\">\n<h2 class=\"has-text-align-center has-text-color has-medium-font-size wp-block-heading\" style=\"color:#f9ed32\"><strong>Google Ads Case Study<\/strong><\/h2>\n\n\n\n<h2 class=\"has-text-align-center mt-0 has-background-color has-text-color has-large-font-size wp-block-heading\">See how our approach is providing SaaS business with <strong>20+ leads<\/strong> per week at a cost of <strong>25$ per lead<\/strong>    <\/h2>\n\n\n\n<div class=\"wp-block-group is-layout-constrained wp-container-core-group-is-layout-75ab9949 wp-block-group-is-layout-constrained\" style=\"padding-top:0px;padding-right:0px;padding-bottom:0px;padding-left:0px\">\n<p class=\"has-text-color\" style=\"color:#c4c4c4\">We are <strong>serious<\/strong> when we say <strong>our approach generates outstanding results<\/strong>.<\/p>\n\n\n\n<p class=\"has-text-color\" style=\"color:#c4c4c4\">We <strong>track everything<\/strong>, and that\u2019s why we can confidently say that our digital marketing approach brings in <strong>hundreds of thousands of dollars in profit for our clients<\/strong>.<\/p>\n\n\n\n<p class=\"has-text-color\" style=\"color:#c4c4c4\">Want some proof?<\/p>\n\n\n\n<p class=\"has-text-color\" style=\"color:#c4c4c4\">No problem \u2014 Our work generated over 470 qualified leads for an 8-figure SaaS company.<\/p>\n<\/div>\n\n\n\n<div class=\"wp-block-buttons is-content-justification-center is-layout-flex wp-container-core-buttons-is-layout-a89b3969 wp-block-buttons-is-layout-flex\">\n<div class=\"wp-block-button\"><a class=\"wp-block-button__link has-foreground-color has-text-color has-background wp-element-button\" href=\"https:\/\/iqs.digital\/paid-search-case-study\/\" style=\"border-radius:35px;background-color:#f9ed32\">Read the whole case study<\/a><\/div>\n<\/div>\n<\/div>\n\n\n\n<div style=\"height:50px\" aria-hidden=\"true\" class=\"wp-block-spacer\"><\/div>\n\n\n\n<div class=\"wp-block-cover alignfull\"><span aria-hidden=\"true\" class=\"wp-block-cover__background has-background-dim-100 has-background-dim\" style=\"background-color:#002e48\"><\/span><div class=\"wp-block-cover__inner-container is-layout-flow wp-block-cover-is-layout-flow\">\n<div class=\"wp-block-group is-layout-constrained wp-container-core-group-is-layout-4eeeeaa8 wp-block-group-is-layout-constrained\" style=\"border-radius:30px;padding-top:50px;padding-bottom:50px\">\n<h2 class=\"has-text-align-center has-text-color has-small-font-size wp-block-heading\" style=\"color:#b4b4b4\"><strong>About Me<\/strong><\/h2>\n\n\n\n<h2 class=\"has-text-align-center mt-0 wp-block-heading\">Who is <strong>Aleksandar Gube\u010dka<\/strong>?<\/h2>\n\n\n\n<p>Hey,<br>Do you need help with Pay Per Click Marketing?<br>Look no further, you are in the right spot!<\/p>\n\n\n\n<p>I\u2019m Alex, a pay per click marketing expert with over 7 years of experience. It&#8217;ll help your company increase ROI from the pay per click marketing campaigns.<\/p>\n\n\n\n<p>My process is fairly simple, I&#8217;ll take over the pay per click marketing campaigns, and every Monday you will receive the performance report in your inbox. All you need to do is relax and look at the growing ROI.<\/p>\n\n\n\n<p>Get started today by submitting the form below and we\u2019ll jump on a free consulting session where I\u2019m going to show you a tailor-made plan that will help you grow your company!<\/p>\n\n\n\n<div class=\"wp-block-buttons is-content-justification-center is-layout-flex wp-container-core-buttons-is-layout-a89b3969 wp-block-buttons-is-layout-flex\">\n<div class=\"wp-block-button\"><a class=\"wp-block-button__link has-foreground-color has-text-color has-background wp-element-button\" href=\"https:\/\/iqs.digital\/sk\/about\/\" style=\"border-radius:35px;background-color:#f9ed32\"><strong>Learn more about me<\/strong><\/a><\/div>\n<\/div>\n<\/div>\n<\/div><\/div>\n\n\n\n<div style=\"height:30px\" aria-hidden=\"true\" class=\"wp-block-spacer\"><\/div>\n\n\n\n<div class=\"wp-block-group box is-layout-flow wp-block-group-is-layout-flow\">\n<h2 class=\"has-text-align-center has-text-color has-medium-font-size wp-block-heading\" style=\"color:#626262\"><strong>My Expertise<\/strong><\/h2>\n\n\n\n<h2 class=\"has-text-align-center wp-block-heading\" style=\"margin-top:0px\"><strong>What can I help you with?<\/strong><\/h2>\n\n\n\n<p class=\"has-text-align-center has-text-color has-medium-font-size\" style=\"color:#626262\"><strong>Click to read more:<\/strong><\/p>\n\n\n\n<p class=\"has-text-align-center\"><a href=\"https:\/\/iqs.digital\/digital-marketing-strategy\/\">Digital Marketing Strategy<\/a><\/p>\n\n\n\n<p class=\"has-text-align-center\"><a href=\"https:\/\/iqs.digital\/digital-marketing-funnel\/\">Digital Marketing Funnel<\/a><\/p>\n\n\n\n<p class=\"has-text-align-center\"><a href=\"https:\/\/iqs.digital\/conversion-rate-optimization\/\">Conversion rate optimization<\/a><\/p>\n\n\n\n<p class=\"has-text-align-center\"><a href=\"https:\/\/iqs.digital\/website-metrics\/\">Website Metrics<\/a><\/p>\n\n\n\n<p class=\"has-text-align-center\"><a href=\"https:\/\/iqs.digital\/search-engine-optimization\/\">Search Engine Optimization&nbsp;<\/a><\/p>\n\n\n\n<p class=\"has-text-align-center\"><a href=\"https:\/\/iqs.digital\/paid-search\/\">Paid search<\/a><\/p>\n\n\n\n<p class=\"has-text-align-center\"><a href=\"https:\/\/iqs.digital\/paid-social\/\">Paid social<\/a><\/p>\n\n\n\n<p class=\"has-text-align-center\"><a href=\"https:\/\/iqs.digital\/email-marketing\/\">Email Marketing<\/a><\/p>\n\n\n\n<div style=\"height:50px\" aria-hidden=\"true\" class=\"wp-block-spacer\"><\/div>\n<\/div>\n\n\n\n<div class=\"wp-block-cover alignfull is-light\" style=\"padding-top:50px;padding-bottom:50px\"><span aria-hidden=\"true\" class=\"wp-block-cover__background has-tertiary-background-color has-background-dim-100 has-background-dim\"><\/span><div class=\"wp-block-cover__inner-container is-layout-flow wp-block-cover-is-layout-flow\">\n<h2 class=\"has-text-align-center has-text-color has-medium-font-size wp-block-heading\" style=\"color:#626262\"><strong>My previous projects<\/strong><\/h2>\n\n\n\n<h2 class=\"has-text-align-center wp-block-heading\" style=\"margin-top:0px\"><strong>More Case Studies<\/strong><\/h2>\n\n\n\n<div class=\"wp-block-group box m0a has-background is-layout-flow wp-block-group-is-layout-flow\" style=\"background-color:#002e48;border-radius:30px;border-style:none;border-width:0px;padding-top:50px;padding-right:25px;padding-bottom:50px;padding-left:25px\">\n<h2 class=\"has-text-align-center has-text-color has-medium-font-size wp-block-heading\" style=\"color:#f9ed32\"><strong>Case Study<\/strong><\/h2>\n\n\n\n<h2 class=\"has-text-align-center mt-0 has-background-color has-text-color has-large-font-size wp-block-heading\">Check out how we created <strong>complete <br>digital marketing strategy<\/strong> for a <strong>B2B SaaS <br> company<\/strong> that <strong>produced wonderful results  <\/strong><\/h2>\n\n\n\n<div class=\"wp-block-group is-layout-constrained wp-container-core-group-is-layout-75ab9949 wp-block-group-is-layout-constrained\" style=\"padding-top:0px;padding-right:0px;padding-bottom:0px;padding-left:0px\">\n<p class=\"has-text-color\" style=\"color:#c4c4c4\">Our client was struggling in many fields, like lead generation, long sales cycles, and high CPA.  <\/p>\n\n\n\n<p class=\"has-text-color\" style=\"color:#c4c4c4\">We stepped in.<\/p>\n\n\n\n<p class=\"has-text-color\" style=\"color:#c4c4c4\">Once we integrated our strategy, it didn&#8217;t take a while to see the results. <\/p>\n\n\n\n<p class=\"has-text-color\" style=\"color:#c4c4c4\">We were able to generate more than <strong>470 qualified leads<\/strong> for <strong>less than 50$ per lead.<\/strong> <\/p>\n\n\n\n<p class=\"has-text-color\" style=\"color:#c4c4c4\"><strong>Sales cycle time was reduced by 31%. <\/strong><\/p>\n\n\n\n<p class=\"has-text-color\" style=\"color:#c4c4c4\">By the end of the year, <strong>revenue increased 24%.<\/strong><\/p>\n<\/div>\n\n\n\n<div class=\"wp-block-buttons is-content-justification-center is-layout-flex wp-container-core-buttons-is-layout-a89b3969 wp-block-buttons-is-layout-flex\">\n<div class=\"wp-block-button\"><a class=\"wp-block-button__link has-foreground-color has-text-color has-background\" href=\"https:\/\/iqs.digital\/saas-digital-marketing-case-study\/\" style=\"border-radius:35px;background-color:#f9ed32\">Read the whole case study<\/a><\/div>\n<\/div>\n<\/div>\n<\/div><\/div>\n","protected":false},"excerpt":{"rendered":"<p>If you are looking for a person who will: Why work with me In my 7 years of experience in the web industry, I have helped 20+ businesses grow My Expertise What can I help you with? Click to read more: Digital Marketing Strategy Digital Marketing Funnel Conversion rate optimization Website Metrics Search Engine Optimization&nbsp; [&hellip;]<\/p>\n","protected":false},"author":1,"featured_media":3906,"parent":0,"menu_order":0,"comment_status":"closed","ping_status":"closed","template":"","meta":{"footnotes":""},"class_list":["post-4062","page","type-page","status-publish","has-post-thumbnail","hentry"],"yoast_head":"<!-- This site is optimized with the Yoast SEO plugin v27.3 - https:\/\/yoast.com\/product\/yoast-seo-wordpress\/ -->\n<title>Pay Per Click Marketing Services - IQs Digital<\/title>\n<meta name=\"robots\" content=\"index, follow, max-snippet:-1, max-image-preview:large, max-video-preview:-1\" \/>\n<link rel=\"canonical\" href=\"https:\/\/iqs.digital\/sk\/pay-per-click-marketing\/\" \/>\n<meta property=\"og:locale\" content=\"sk_SK\" \/>\n<meta property=\"og:type\" content=\"article\" \/>\n<meta property=\"og:title\" content=\"Pay Per Click Marketing Services - IQs Digital\" \/>\n<meta property=\"og:description\" content=\"If you are looking for a person who will: Why work with me In my 7 years of experience in the web industry, I have helped 20+ businesses grow My Expertise What can I help you with? Click to read more: Digital Marketing Strategy Digital Marketing Funnel Conversion rate optimization Website Metrics Search Engine Optimization&nbsp; [&hellip;]\" \/>\n<meta property=\"og:url\" content=\"https:\/\/iqs.digital\/sk\/pay-per-click-marketing\/\" \/>\n<meta property=\"og:site_name\" content=\"IQs Digital\" \/>\n<meta property=\"og:image\" content=\"https:\/\/iqs.digital\/wp-content\/uploads\/2022\/07\/MVGX_Black-removebg-preview-1.png\" \/>\n<meta name=\"twitter:card\" content=\"summary_large_image\" \/>\n<meta name=\"twitter:label1\" content=\"Predpokladan\u00fd \u010das \u010d\u00edtania\" \/>\n\t<meta name=\"twitter:data1\" content=\"2 min\u00faty\" \/>\n<script type=\"application\/ld+json\" class=\"yoast-schema-graph\">{\"@context\":\"https:\\\/\\\/schema.org\",\"@graph\":[{\"@type\":\"WebPage\",\"@id\":\"https:\\\/\\\/iqs.digital\\\/sk\\\/pay-per-click-marketing\\\/\",\"url\":\"https:\\\/\\\/iqs.digital\\\/sk\\\/pay-per-click-marketing\\\/\",\"name\":\"Pay Per Click Marketing Services - IQs Digital\",\"isPartOf\":{\"@id\":\"https:\\\/\\\/iqs.digital\\\/sk\\\/#website\"},\"primaryImageOfPage\":{\"@id\":\"https:\\\/\\\/iqs.digital\\\/sk\\\/pay-per-click-marketing\\\/#primaryimage\"},\"image\":{\"@id\":\"https:\\\/\\\/iqs.digital\\\/sk\\\/pay-per-click-marketing\\\/#primaryimage\"},\"thumbnailUrl\":\"https:\\\/\\\/iqs.digital\\\/wp-content\\\/uploads\\\/2022\\\/10\\\/General.jpg\",\"datePublished\":\"2022-09-08T07:24:32+00:00\",\"breadcrumb\":{\"@id\":\"https:\\\/\\\/iqs.digital\\\/sk\\\/pay-per-click-marketing\\\/#breadcrumb\"},\"inLanguage\":\"sk-SK\",\"potentialAction\":[{\"@type\":\"ReadAction\",\"target\":[\"https:\\\/\\\/iqs.digital\\\/sk\\\/pay-per-click-marketing\\\/\"]}]},{\"@type\":\"ImageObject\",\"inLanguage\":\"sk-SK\",\"@id\":\"https:\\\/\\\/iqs.digital\\\/sk\\\/pay-per-click-marketing\\\/#primaryimage\",\"url\":\"https:\\\/\\\/iqs.digital\\\/wp-content\\\/uploads\\\/2022\\\/10\\\/General.jpg\",\"contentUrl\":\"https:\\\/\\\/iqs.digital\\\/wp-content\\\/uploads\\\/2022\\\/10\\\/General.jpg\",\"width\":1200,\"height\":627},{\"@type\":\"BreadcrumbList\",\"@id\":\"https:\\\/\\\/iqs.digital\\\/sk\\\/pay-per-click-marketing\\\/#breadcrumb\",\"itemListElement\":[{\"@type\":\"ListItem\",\"position\":1,\"name\":\"Home\",\"item\":\"https:\\\/\\\/iqs.digital\\\/sk\\\/\"},{\"@type\":\"ListItem\",\"position\":2,\"name\":\"Pay Per Click Marketing Services\"}]},{\"@type\":\"WebSite\",\"@id\":\"https:\\\/\\\/iqs.digital\\\/sk\\\/#website\",\"url\":\"https:\\\/\\\/iqs.digital\\\/sk\\\/\",\"name\":\"IQs Digital\",\"description\":\"Google Ads and conversion rate optimization agency.\",\"publisher\":{\"@id\":\"https:\\\/\\\/iqs.digital\\\/sk\\\/#organization\"},\"potentialAction\":[{\"@type\":\"SearchAction\",\"target\":{\"@type\":\"EntryPoint\",\"urlTemplate\":\"https:\\\/\\\/iqs.digital\\\/sk\\\/?s={search_term_string}\"},\"query-input\":{\"@type\":\"PropertyValueSpecification\",\"valueRequired\":true,\"valueName\":\"search_term_string\"}}],\"inLanguage\":\"sk-SK\"},{\"@type\":\"Organization\",\"@id\":\"https:\\\/\\\/iqs.digital\\\/sk\\\/#organization\",\"name\":\"IQs Digital\",\"url\":\"https:\\\/\\\/iqs.digital\\\/sk\\\/\",\"logo\":{\"@type\":\"ImageObject\",\"inLanguage\":\"sk-SK\",\"@id\":\"https:\\\/\\\/iqs.digital\\\/sk\\\/#\\\/schema\\\/logo\\\/image\\\/\",\"url\":\"https:\\\/\\\/iqs.digital\\\/wp-content\\\/uploads\\\/2022\\\/10\\\/General.jpg\",\"contentUrl\":\"https:\\\/\\\/iqs.digital\\\/wp-content\\\/uploads\\\/2022\\\/10\\\/General.jpg\",\"width\":1200,\"height\":627,\"caption\":\"IQs Digital\"},\"image\":{\"@id\":\"https:\\\/\\\/iqs.digital\\\/sk\\\/#\\\/schema\\\/logo\\\/image\\\/\"}}]}<\/script>\n<!-- \/ Yoast SEO plugin. -->","yoast_head_json":{"title":"Pay Per Click Marketing Services - IQs Digital","robots":{"index":"index","follow":"follow","max-snippet":"max-snippet:-1","max-image-preview":"max-image-preview:large","max-video-preview":"max-video-preview:-1"},"canonical":"https:\/\/iqs.digital\/sk\/pay-per-click-marketing\/","og_locale":"sk_SK","og_type":"article","og_title":"Pay Per Click Marketing Services - IQs Digital","og_description":"If you are looking for a person who will: Why work with me In my 7 years of experience in the web industry, I have helped 20+ businesses grow My Expertise What can I help you with? Click to read more: Digital Marketing Strategy Digital Marketing Funnel Conversion rate optimization Website Metrics Search Engine Optimization&nbsp; [&hellip;]","og_url":"https:\/\/iqs.digital\/sk\/pay-per-click-marketing\/","og_site_name":"IQs Digital","og_image":[{"url":"https:\/\/iqs.digital\/wp-content\/uploads\/2022\/07\/MVGX_Black-removebg-preview-1.png","type":"","width":"","height":""}],"twitter_card":"summary_large_image","twitter_misc":{"Predpokladan\u00fd \u010das \u010d\u00edtania":"2 min\u00faty"},"schema":{"@context":"https:\/\/schema.org","@graph":[{"@type":"WebPage","@id":"https:\/\/iqs.digital\/sk\/pay-per-click-marketing\/","url":"https:\/\/iqs.digital\/sk\/pay-per-click-marketing\/","name":"Pay Per Click Marketing Services - IQs Digital","isPartOf":{"@id":"https:\/\/iqs.digital\/sk\/#website"},"primaryImageOfPage":{"@id":"https:\/\/iqs.digital\/sk\/pay-per-click-marketing\/#primaryimage"},"image":{"@id":"https:\/\/iqs.digital\/sk\/pay-per-click-marketing\/#primaryimage"},"thumbnailUrl":"https:\/\/iqs.digital\/wp-content\/uploads\/2022\/10\/General.jpg","datePublished":"2022-09-08T07:24:32+00:00","breadcrumb":{"@id":"https:\/\/iqs.digital\/sk\/pay-per-click-marketing\/#breadcrumb"},"inLanguage":"sk-SK","potentialAction":[{"@type":"ReadAction","target":["https:\/\/iqs.digital\/sk\/pay-per-click-marketing\/"]}]},{"@type":"ImageObject","inLanguage":"sk-SK","@id":"https:\/\/iqs.digital\/sk\/pay-per-click-marketing\/#primaryimage","url":"https:\/\/iqs.digital\/wp-content\/uploads\/2022\/10\/General.jpg","contentUrl":"https:\/\/iqs.digital\/wp-content\/uploads\/2022\/10\/General.jpg","width":1200,"height":627},{"@type":"BreadcrumbList","@id":"https:\/\/iqs.digital\/sk\/pay-per-click-marketing\/#breadcrumb","itemListElement":[{"@type":"ListItem","position":1,"name":"Home","item":"https:\/\/iqs.digital\/sk\/"},{"@type":"ListItem","position":2,"name":"Pay Per Click Marketing Services"}]},{"@type":"WebSite","@id":"https:\/\/iqs.digital\/sk\/#website","url":"https:\/\/iqs.digital\/sk\/","name":"IQs Digital","description":"Google Ads and conversion rate optimization agency.","publisher":{"@id":"https:\/\/iqs.digital\/sk\/#organization"},"potentialAction":[{"@type":"SearchAction","target":{"@type":"EntryPoint","urlTemplate":"https:\/\/iqs.digital\/sk\/?s={search_term_string}"},"query-input":{"@type":"PropertyValueSpecification","valueRequired":true,"valueName":"search_term_string"}}],"inLanguage":"sk-SK"},{"@type":"Organization","@id":"https:\/\/iqs.digital\/sk\/#organization","name":"IQs Digital","url":"https:\/\/iqs.digital\/sk\/","logo":{"@type":"ImageObject","inLanguage":"sk-SK","@id":"https:\/\/iqs.digital\/sk\/#\/schema\/logo\/image\/","url":"https:\/\/iqs.digital\/wp-content\/uploads\/2022\/10\/General.jpg","contentUrl":"https:\/\/iqs.digital\/wp-content\/uploads\/2022\/10\/General.jpg","width":1200,"height":627,"caption":"IQs Digital"},"image":{"@id":"https:\/\/iqs.digital\/sk\/#\/schema\/logo\/image\/"}}]}},"_links":{"self":[{"href":"https:\/\/iqs.digital\/sk\/wp-json\/wp\/v2\/pages\/4062","targetHints":{"allow":["GET"]}}],"collection":[{"href":"https:\/\/iqs.digital\/sk\/wp-json\/wp\/v2\/pages"}],"about":[{"href":"https:\/\/iqs.digital\/sk\/wp-json\/wp\/v2\/types\/page"}],"author":[{"embeddable":true,"href":"https:\/\/iqs.digital\/sk\/wp-json\/wp\/v2\/users\/1"}],"replies":[{"embeddable":true,"href":"https:\/\/iqs.digital\/sk\/wp-json\/wp\/v2\/comments?post=4062"}],"version-history":[{"count":0,"href":"https:\/\/iqs.digital\/sk\/wp-json\/wp\/v2\/pages\/4062\/revisions"}],"wp:featuredmedia":[{"embeddable":true,"href":"https:\/\/iqs.digital\/sk\/wp-json\/wp\/v2\/media\/3906"}],"wp:attachment":[{"href":"https:\/\/iqs.digital\/sk\/wp-json\/wp\/v2\/media?parent=4062"}],"curies":[{"name":"wp","href":"https:\/\/api.w.org\/{rel}","templated":true}]}}