{"id":4058,"date":"2022-07-08T18:00:47","date_gmt":"2022-07-08T17:00:47","guid":{"rendered":"https:\/\/iqs.digital\/conversion-rate-optimization-case-study\/"},"modified":"2023-08-12T10:28:15","modified_gmt":"2023-08-12T09:28:15","slug":"optimalizacia-konverzii-pripadova-studia","status":"publish","type":"page","link":"https:\/\/iqs.digital\/sk\/optimalizacia-konverzii-pripadova-studia\/","title":{"rendered":"Optimaliz\u00e1cia konverzi\u00ed pr\u00edpadov\u00e1 \u0161t\u00fadia"},"content":{"rendered":"\n<h1 class=\"wp-block-heading has-text-align-center big-title\"><strong>Optimaliz\u00e1cia konverzi\u00ed<\/strong> pr\u00edpadov\u00e1 \u0161t\u00fadia<\/h1>\n\n\n\n<div class=\"wp-block-group is-layout-constrained wp-container-core-group-is-layout-c2c49a0c wp-block-group-is-layout-constrained\">\n<p>IQs Digital&#8217;s client was a startup that created a tokenized real investment estate platform where anybody can access a global pool of real estate investment opportunities and start investing in real estate.<\/p>\n\n\n\n<p>When we started working with the client they have just launched their platform, and they were a new player on the market looking for new users.<\/p>\n\n\n\n<h2 class=\"wp-block-heading has-x-large-font-size\"><strong>Start of the marketing strategy<\/strong><\/h2>\n\n\n\n<p>It was a complex project, we helped a client define the go-to-market strategy. We helped our client with identifying the target audiences and planning the whole digital marketing strategy. Then we also helped our client execute the plan we came up working closely together. <\/p>\n\n\n\n<h2 class=\"wp-block-heading has-x-large-font-size\"><strong>User journey<\/strong> <\/h2>\n\n\n\n<p>In the initial analysis, we outline a basic user journey, and it came out like this:<\/p>\n\n\n\n<ol class=\"wp-block-list\">\n<li>We want to make great PPC campaigns that will drive traffic to the website. <\/li>\n\n\n\n<li>We want to optimize the user experience on the website and make sure users register on the platform.<\/li>\n\n\n\n<li>Make sure users who register on the platform invest in one of the opportunities. <\/li>\n<\/ol>\n\n\n\n<figure class=\"wp-block-image size-large\"><img loading=\"lazy\" decoding=\"async\" width=\"1024\" height=\"157\" src=\"https:\/\/iqs.digital\/wp-content\/uploads\/2022\/10\/Screenshot-2022-10-31-at-20.57.43-1024x157.png\" alt=\"\" class=\"wp-image-2174\" srcset=\"https:\/\/iqs.digital\/wp-content\/uploads\/2022\/10\/Screenshot-2022-10-31-at-20.57.43-1024x157.png 1024w, https:\/\/iqs.digital\/wp-content\/uploads\/2022\/10\/Screenshot-2022-10-31-at-20.57.43-300x46.png 300w, https:\/\/iqs.digital\/wp-content\/uploads\/2022\/10\/Screenshot-2022-10-31-at-20.57.43-768x118.png 768w, https:\/\/iqs.digital\/wp-content\/uploads\/2022\/10\/Screenshot-2022-10-31-at-20.57.43-1536x236.png 1536w, https:\/\/iqs.digital\/wp-content\/uploads\/2022\/10\/Screenshot-2022-10-31-at-20.57.43-2048x315.png 2048w\" sizes=\"auto, (max-width: 1024px) 100vw, 1024px\" \/><\/figure>\n\n\n\n<h2 class=\"wp-block-heading has-x-large-font-size\"><strong><strong>Conversion rate tracking<\/strong><\/strong><\/h2>\n\n\n\n<p>Before we published the marketing campaigns. We worked together with the platform development team on integrating appropriate metrics so we can track users through the whole user journey from first getting in contact with the website to making an investment in the platform.<\/p>\n\n\n\n<p>We integrated conversion rate analytics with Google Tag Manager and Google Analytics. Then we used Google Data Studio to display the stats for every step of the process.<\/p>\n\n\n\n<h2 class=\"wp-block-heading has-x-large-font-size\"><strong>Optimizing digital marketing campaigns<\/strong><\/h2>\n\n\n\n<p>Once we had all the conversion metrics in place we published the marketing campaigns. The first week is always demanding, in this period our team focuses on closely monitoring the ad performance and readjusting the campaigns. <\/p>\n\n\n\n<p>To optimize further our digital marketing campaigns we test a variety of copies, graphics, target audiences, channels, etc. And the optimization process never ends.<\/p>\n\n\n\n<h2 class=\"wp-block-heading has-x-large-font-size\"><strong>A\/B testing the landing pages<\/strong><\/h2>\n\n\n\n<p>As soon as we are happy with the clicks, cost-per-click, and ROI from PPC campaigns we direct most of our attention to turning traffic into customers. <\/p>\n\n\n\n<p>In this case, we had in place well performing ads that were driving the traffic to the website, but we wanted to help the client get the most out of a dollar spent on PPC. This is where we focus on A\/B testing.<\/p>\n\n\n\n<p>To further boost the conversation rate optimization we created at least two variations of each landing page that received traffic from PPC ads.<\/p>\n\n\n\n<figure class=\"wp-block-image size-large\"><img loading=\"lazy\" decoding=\"async\" width=\"1024\" height=\"761\" src=\"https:\/\/iqs.digital\/wp-content\/uploads\/2022\/10\/Screenshot-2022-10-31-at-21.01.38-1024x761.png\" alt=\"\" class=\"wp-image-2176\" srcset=\"https:\/\/iqs.digital\/wp-content\/uploads\/2022\/10\/Screenshot-2022-10-31-at-21.01.38-1024x761.png 1024w, https:\/\/iqs.digital\/wp-content\/uploads\/2022\/10\/Screenshot-2022-10-31-at-21.01.38-300x223.png 300w, https:\/\/iqs.digital\/wp-content\/uploads\/2022\/10\/Screenshot-2022-10-31-at-21.01.38-768x570.png 768w, https:\/\/iqs.digital\/wp-content\/uploads\/2022\/10\/Screenshot-2022-10-31-at-21.01.38.png 1384w\" sizes=\"auto, (max-width: 1024px) 100vw, 1024px\" \/><\/figure>\n\n\n\n<p>Each landing page we were testing differed from others by heading&#8217;s copy, text copy, visuals, call to action buttons, conversion forms, content hierarchy, above the fold content, and type social proof.<\/p>\n\n\n\n<p>Of course, the main metric we focused on for the landing pages was the conversion rate but we also took into consideration many other parameters like engagement rate, heat map analysis, user behavior recordings, session duration, and exit point when deciding which version was the best performing.<\/p>\n\n\n\n<h2 class=\"wp-block-heading has-x-large-font-size\"><strong>Analyzing the conversion process<\/strong><\/h2>\n\n\n\n<p>By optimizing landing pages we increased the number of users that wanted to register on the platform. <\/p>\n\n\n\n<p>Since client solutions is a regulated investment platform we needed to meet the legal requirements. Users had to upload their bank statements before making an investment.<\/p>\n\n\n\n<p>Problem was that the first step in the registration process was the bank statement upload. Users were not so keen to share their bank statements on the platform they just want to register and explore. <\/p>\n\n\n\n<p>The second problem with the registration process was that it had 9 steps. See the screenshot below:<\/p>\n<\/div>\n\n\n\n<figure class=\"wp-block-image aligncenter size-large\"><img loading=\"lazy\" decoding=\"async\" width=\"531\" height=\"1024\" src=\"https:\/\/iqs.digital\/wp-content\/uploads\/2022\/07\/Screenshot-2022-07-10-at-19.13.12-531x1024.png\" alt=\"\" class=\"wp-image-573\" srcset=\"https:\/\/iqs.digital\/wp-content\/uploads\/2022\/07\/Screenshot-2022-07-10-at-19.13.12-531x1024.png 531w, https:\/\/iqs.digital\/wp-content\/uploads\/2022\/07\/Screenshot-2022-07-10-at-19.13.12-156x300.png 156w, https:\/\/iqs.digital\/wp-content\/uploads\/2022\/07\/Screenshot-2022-07-10-at-19.13.12.png 599w\" sizes=\"auto, (max-width: 531px) 100vw, 531px\" \/><\/figure>\n\n\n\n<div class=\"wp-block-group is-layout-constrained wp-container-core-group-is-layout-c2c49a0c wp-block-group-is-layout-constrained\">\n<h2 class=\"wp-block-heading has-x-large-font-size\"><strong>Registration process optimization<\/strong><\/h2>\n\n\n\n<p>Down below is the registration process funnel graph. On top of that, the graph below shows that out of 47 users that started the registration process 4 users finished the whole process and 43 dropped off.<\/p>\n<\/div>\n\n\n\n<figure class=\"wp-block-image aligncenter size-large is-style-default\"><img loading=\"lazy\" decoding=\"async\" width=\"1024\" height=\"658\" src=\"https:\/\/iqs.digital\/wp-content\/uploads\/2022\/07\/Conversion_rate_optimization_registration_process-1024x658.png\" alt=\"\" class=\"wp-image-1019\" srcset=\"https:\/\/iqs.digital\/wp-content\/uploads\/2022\/07\/Conversion_rate_optimization_registration_process-1024x658.png 1024w, https:\/\/iqs.digital\/wp-content\/uploads\/2022\/07\/Conversion_rate_optimization_registration_process-300x193.png 300w, https:\/\/iqs.digital\/wp-content\/uploads\/2022\/07\/Conversion_rate_optimization_registration_process-768x493.png 768w, https:\/\/iqs.digital\/wp-content\/uploads\/2022\/07\/Conversion_rate_optimization_registration_process.png 1278w\" sizes=\"auto, (max-width: 1024px) 100vw, 1024px\" \/><\/figure>\n\n\n\n<div class=\"wp-block-group is-layout-constrained wp-container-core-group-is-layout-c2c49a0c wp-block-group-is-layout-constrained\">\n<h2 class=\"wp-block-heading has-x-large-font-size\"><strong>UX fix for the registration process<\/strong><\/h2>\n\n\n\n<p>We helped the client to split the registration process into two parts. <\/p>\n\n\n\n<p>The first part required users to leave only a few absolutely necessary pieces of information like email and password and left the rest for later. <\/p>\n\n\n\n<p>So, instead of asking users for too much information before they can see what the actual platform has to offer, we moved the legally required fields to a later stage in the user journey, that being when the user is ready to invest and already made their decision. <\/p>\n\n\n\n<p><strong>This resulted in increasing the conversion rate by 475%.<\/strong><\/p>\n<\/div>\n\n\n\n<figure class=\"wp-block-image aligncenter size-full\"><img loading=\"lazy\" decoding=\"async\" width=\"646\" height=\"530\" src=\"https:\/\/iqs.digital\/wp-content\/uploads\/2022\/07\/Screenshot-2022-07-10-at-19.14.05.png\" alt=\"\" class=\"wp-image-574\" srcset=\"https:\/\/iqs.digital\/wp-content\/uploads\/2022\/07\/Screenshot-2022-07-10-at-19.14.05.png 646w, https:\/\/iqs.digital\/wp-content\/uploads\/2022\/07\/Screenshot-2022-07-10-at-19.14.05-300x246.png 300w\" sizes=\"auto, (max-width: 646px) 100vw, 646px\" \/><\/figure>\n\n\n\n<div class=\"wp-block-group is-layout-constrained wp-container-core-group-is-layout-c2c49a0c wp-block-group-is-layout-constrained\"><\/div>\n\n\n\n<div style=\"height:50px\" aria-hidden=\"true\" class=\"wp-block-spacer\"><\/div>\n","protected":false},"excerpt":{"rendered":"<p>Optimaliz\u00e1cia konverzi\u00ed pr\u00edpadov\u00e1 \u0161t\u00fadia IQs Digital&#8217;s client was a startup that created a tokenized real investment estate platform where anybody can access a global pool of real estate investment opportunities and start investing in real estate. When we started working with the client they have just launched their platform, and they were a new player [&hellip;]<\/p>\n","protected":false},"author":1,"featured_media":3904,"parent":0,"menu_order":0,"comment_status":"closed","ping_status":"closed","template":"","meta":{"footnotes":""},"class_list":["post-4058","page","type-page","status-publish","has-post-thumbnail","hentry"],"yoast_head":"<!-- This site is optimized with the Yoast SEO plugin v27.3 - https:\/\/yoast.com\/product\/yoast-seo-wordpress\/ -->\n<title>Optimaliz\u00e1cia konverzi\u00ed pr\u00edpadov\u00e1 \u0161t\u00fadia - IQs Digital<\/title>\n<meta name=\"description\" content=\"A UX Design trick helped increase the conversion rate optimization rate by 475%.\" \/>\n<meta name=\"robots\" content=\"index, follow, max-snippet:-1, max-image-preview:large, max-video-preview:-1\" \/>\n<link rel=\"canonical\" href=\"https:\/\/iqs.digital\/sk\/optimalizacia-konverzii-pripadova-studia\/\" \/>\n<meta property=\"og:locale\" content=\"sk_SK\" \/>\n<meta property=\"og:type\" content=\"article\" \/>\n<meta property=\"og:title\" content=\"Optimaliz\u00e1cia konverzi\u00ed pr\u00edpadov\u00e1 \u0161t\u00fadia - IQs Digital\" \/>\n<meta property=\"og:description\" content=\"A UX Design trick helped increase the conversion rate optimization rate by 475%.\" \/>\n<meta property=\"og:url\" content=\"https:\/\/iqs.digital\/sk\/optimalizacia-konverzii-pripadova-studia\/\" \/>\n<meta property=\"og:site_name\" content=\"IQs Digital\" \/>\n<meta property=\"article:modified_time\" content=\"2023-08-12T09:28:15+00:00\" \/>\n<meta property=\"og:image\" content=\"https:\/\/iqs.digital\/wp-content\/uploads\/2022\/10\/conversion-rate-optimisation.jpg\" \/>\n\t<meta property=\"og:image:width\" content=\"1200\" \/>\n\t<meta property=\"og:image:height\" content=\"627\" \/>\n\t<meta property=\"og:image:type\" content=\"image\/jpeg\" \/>\n<meta name=\"twitter:card\" content=\"summary_large_image\" \/>\n<meta name=\"twitter:label1\" content=\"Predpokladan\u00fd \u010das \u010d\u00edtania\" \/>\n\t<meta name=\"twitter:data1\" content=\"5 min\u00fat\" \/>\n<script type=\"application\/ld+json\" class=\"yoast-schema-graph\">{\"@context\":\"https:\\\/\\\/schema.org\",\"@graph\":[{\"@type\":\"WebPage\",\"@id\":\"https:\\\/\\\/iqs.digital\\\/sk\\\/optimalizacia-konverzii-pripadova-studia\\\/\",\"url\":\"https:\\\/\\\/iqs.digital\\\/sk\\\/optimalizacia-konverzii-pripadova-studia\\\/\",\"name\":\"Optimaliz\u00e1cia konverzi\u00ed pr\u00edpadov\u00e1 \u0161t\u00fadia - IQs Digital\",\"isPartOf\":{\"@id\":\"https:\\\/\\\/iqs.digital\\\/sk\\\/#website\"},\"primaryImageOfPage\":{\"@id\":\"https:\\\/\\\/iqs.digital\\\/sk\\\/optimalizacia-konverzii-pripadova-studia\\\/#primaryimage\"},\"image\":{\"@id\":\"https:\\\/\\\/iqs.digital\\\/sk\\\/optimalizacia-konverzii-pripadova-studia\\\/#primaryimage\"},\"thumbnailUrl\":\"https:\\\/\\\/iqs.digital\\\/wp-content\\\/uploads\\\/2022\\\/10\\\/conversion-rate-optimisation.jpg\",\"datePublished\":\"2022-07-08T17:00:47+00:00\",\"dateModified\":\"2023-08-12T09:28:15+00:00\",\"description\":\"A UX Design trick helped increase the conversion rate optimization rate by 475%.\",\"breadcrumb\":{\"@id\":\"https:\\\/\\\/iqs.digital\\\/sk\\\/optimalizacia-konverzii-pripadova-studia\\\/#breadcrumb\"},\"inLanguage\":\"sk-SK\",\"potentialAction\":[{\"@type\":\"ReadAction\",\"target\":[\"https:\\\/\\\/iqs.digital\\\/sk\\\/optimalizacia-konverzii-pripadova-studia\\\/\"]}]},{\"@type\":\"ImageObject\",\"inLanguage\":\"sk-SK\",\"@id\":\"https:\\\/\\\/iqs.digital\\\/sk\\\/optimalizacia-konverzii-pripadova-studia\\\/#primaryimage\",\"url\":\"https:\\\/\\\/iqs.digital\\\/wp-content\\\/uploads\\\/2022\\\/10\\\/conversion-rate-optimisation.jpg\",\"contentUrl\":\"https:\\\/\\\/iqs.digital\\\/wp-content\\\/uploads\\\/2022\\\/10\\\/conversion-rate-optimisation.jpg\",\"width\":1200,\"height\":627},{\"@type\":\"BreadcrumbList\",\"@id\":\"https:\\\/\\\/iqs.digital\\\/sk\\\/optimalizacia-konverzii-pripadova-studia\\\/#breadcrumb\",\"itemListElement\":[{\"@type\":\"ListItem\",\"position\":1,\"name\":\"Home\",\"item\":\"https:\\\/\\\/iqs.digital\\\/sk\\\/\"},{\"@type\":\"ListItem\",\"position\":2,\"name\":\"Optimaliz\u00e1cia konverzi\u00ed pr\u00edpadov\u00e1 \u0161t\u00fadia\"}]},{\"@type\":\"WebSite\",\"@id\":\"https:\\\/\\\/iqs.digital\\\/sk\\\/#website\",\"url\":\"https:\\\/\\\/iqs.digital\\\/sk\\\/\",\"name\":\"IQs Digital\",\"description\":\"Google Ads and conversion rate optimization agency.\",\"publisher\":{\"@id\":\"https:\\\/\\\/iqs.digital\\\/sk\\\/#organization\"},\"potentialAction\":[{\"@type\":\"SearchAction\",\"target\":{\"@type\":\"EntryPoint\",\"urlTemplate\":\"https:\\\/\\\/iqs.digital\\\/sk\\\/?s={search_term_string}\"},\"query-input\":{\"@type\":\"PropertyValueSpecification\",\"valueRequired\":true,\"valueName\":\"search_term_string\"}}],\"inLanguage\":\"sk-SK\"},{\"@type\":\"Organization\",\"@id\":\"https:\\\/\\\/iqs.digital\\\/sk\\\/#organization\",\"name\":\"IQs Digital\",\"url\":\"https:\\\/\\\/iqs.digital\\\/sk\\\/\",\"logo\":{\"@type\":\"ImageObject\",\"inLanguage\":\"sk-SK\",\"@id\":\"https:\\\/\\\/iqs.digital\\\/sk\\\/#\\\/schema\\\/logo\\\/image\\\/\",\"url\":\"https:\\\/\\\/iqs.digital\\\/wp-content\\\/uploads\\\/2022\\\/10\\\/General.jpg\",\"contentUrl\":\"https:\\\/\\\/iqs.digital\\\/wp-content\\\/uploads\\\/2022\\\/10\\\/General.jpg\",\"width\":1200,\"height\":627,\"caption\":\"IQs Digital\"},\"image\":{\"@id\":\"https:\\\/\\\/iqs.digital\\\/sk\\\/#\\\/schema\\\/logo\\\/image\\\/\"}}]}<\/script>\n<!-- \/ Yoast SEO plugin. -->","yoast_head_json":{"title":"Optimaliz\u00e1cia konverzi\u00ed pr\u00edpadov\u00e1 \u0161t\u00fadia - IQs Digital","description":"A UX Design trick helped increase the conversion rate optimization rate by 475%.","robots":{"index":"index","follow":"follow","max-snippet":"max-snippet:-1","max-image-preview":"max-image-preview:large","max-video-preview":"max-video-preview:-1"},"canonical":"https:\/\/iqs.digital\/sk\/optimalizacia-konverzii-pripadova-studia\/","og_locale":"sk_SK","og_type":"article","og_title":"Optimaliz\u00e1cia konverzi\u00ed pr\u00edpadov\u00e1 \u0161t\u00fadia - IQs Digital","og_description":"A UX Design trick helped increase the conversion rate optimization rate by 475%.","og_url":"https:\/\/iqs.digital\/sk\/optimalizacia-konverzii-pripadova-studia\/","og_site_name":"IQs Digital","article_modified_time":"2023-08-12T09:28:15+00:00","og_image":[{"width":1200,"height":627,"url":"https:\/\/iqs.digital\/wp-content\/uploads\/2022\/10\/conversion-rate-optimisation.jpg","type":"image\/jpeg"}],"twitter_card":"summary_large_image","twitter_misc":{"Predpokladan\u00fd \u010das \u010d\u00edtania":"5 min\u00fat"},"schema":{"@context":"https:\/\/schema.org","@graph":[{"@type":"WebPage","@id":"https:\/\/iqs.digital\/sk\/optimalizacia-konverzii-pripadova-studia\/","url":"https:\/\/iqs.digital\/sk\/optimalizacia-konverzii-pripadova-studia\/","name":"Optimaliz\u00e1cia konverzi\u00ed pr\u00edpadov\u00e1 \u0161t\u00fadia - IQs Digital","isPartOf":{"@id":"https:\/\/iqs.digital\/sk\/#website"},"primaryImageOfPage":{"@id":"https:\/\/iqs.digital\/sk\/optimalizacia-konverzii-pripadova-studia\/#primaryimage"},"image":{"@id":"https:\/\/iqs.digital\/sk\/optimalizacia-konverzii-pripadova-studia\/#primaryimage"},"thumbnailUrl":"https:\/\/iqs.digital\/wp-content\/uploads\/2022\/10\/conversion-rate-optimisation.jpg","datePublished":"2022-07-08T17:00:47+00:00","dateModified":"2023-08-12T09:28:15+00:00","description":"A UX Design trick helped increase the conversion rate optimization rate by 475%.","breadcrumb":{"@id":"https:\/\/iqs.digital\/sk\/optimalizacia-konverzii-pripadova-studia\/#breadcrumb"},"inLanguage":"sk-SK","potentialAction":[{"@type":"ReadAction","target":["https:\/\/iqs.digital\/sk\/optimalizacia-konverzii-pripadova-studia\/"]}]},{"@type":"ImageObject","inLanguage":"sk-SK","@id":"https:\/\/iqs.digital\/sk\/optimalizacia-konverzii-pripadova-studia\/#primaryimage","url":"https:\/\/iqs.digital\/wp-content\/uploads\/2022\/10\/conversion-rate-optimisation.jpg","contentUrl":"https:\/\/iqs.digital\/wp-content\/uploads\/2022\/10\/conversion-rate-optimisation.jpg","width":1200,"height":627},{"@type":"BreadcrumbList","@id":"https:\/\/iqs.digital\/sk\/optimalizacia-konverzii-pripadova-studia\/#breadcrumb","itemListElement":[{"@type":"ListItem","position":1,"name":"Home","item":"https:\/\/iqs.digital\/sk\/"},{"@type":"ListItem","position":2,"name":"Optimaliz\u00e1cia konverzi\u00ed pr\u00edpadov\u00e1 \u0161t\u00fadia"}]},{"@type":"WebSite","@id":"https:\/\/iqs.digital\/sk\/#website","url":"https:\/\/iqs.digital\/sk\/","name":"IQs Digital","description":"Google Ads and conversion rate optimization agency.","publisher":{"@id":"https:\/\/iqs.digital\/sk\/#organization"},"potentialAction":[{"@type":"SearchAction","target":{"@type":"EntryPoint","urlTemplate":"https:\/\/iqs.digital\/sk\/?s={search_term_string}"},"query-input":{"@type":"PropertyValueSpecification","valueRequired":true,"valueName":"search_term_string"}}],"inLanguage":"sk-SK"},{"@type":"Organization","@id":"https:\/\/iqs.digital\/sk\/#organization","name":"IQs Digital","url":"https:\/\/iqs.digital\/sk\/","logo":{"@type":"ImageObject","inLanguage":"sk-SK","@id":"https:\/\/iqs.digital\/sk\/#\/schema\/logo\/image\/","url":"https:\/\/iqs.digital\/wp-content\/uploads\/2022\/10\/General.jpg","contentUrl":"https:\/\/iqs.digital\/wp-content\/uploads\/2022\/10\/General.jpg","width":1200,"height":627,"caption":"IQs Digital"},"image":{"@id":"https:\/\/iqs.digital\/sk\/#\/schema\/logo\/image\/"}}]}},"_links":{"self":[{"href":"https:\/\/iqs.digital\/sk\/wp-json\/wp\/v2\/pages\/4058","targetHints":{"allow":["GET"]}}],"collection":[{"href":"https:\/\/iqs.digital\/sk\/wp-json\/wp\/v2\/pages"}],"about":[{"href":"https:\/\/iqs.digital\/sk\/wp-json\/wp\/v2\/types\/page"}],"author":[{"embeddable":true,"href":"https:\/\/iqs.digital\/sk\/wp-json\/wp\/v2\/users\/1"}],"replies":[{"embeddable":true,"href":"https:\/\/iqs.digital\/sk\/wp-json\/wp\/v2\/comments?post=4058"}],"version-history":[{"count":1,"href":"https:\/\/iqs.digital\/sk\/wp-json\/wp\/v2\/pages\/4058\/revisions"}],"predecessor-version":[{"id":4266,"href":"https:\/\/iqs.digital\/sk\/wp-json\/wp\/v2\/pages\/4058\/revisions\/4266"}],"wp:featuredmedia":[{"embeddable":true,"href":"https:\/\/iqs.digital\/sk\/wp-json\/wp\/v2\/media\/3904"}],"wp:attachment":[{"href":"https:\/\/iqs.digital\/sk\/wp-json\/wp\/v2\/media?parent=4058"}],"curies":[{"name":"wp","href":"https:\/\/api.w.org\/{rel}","templated":true}]}}